{"id":4505,"date":"2023-05-04T11:25:11","date_gmt":"2023-05-04T09:25:11","guid":{"rendered":"https:\/\/dev.tierschutz.com\/?page_id=4505"},"modified":"2024-04-23T10:44:34","modified_gmt":"2024-04-23T08:44:34","slug":"la-psa","status":"publish","type":"page","link":"https:\/\/mail.schweizertierschutz.ch\/fr\/la-psa\/","title":{"rendered":"La PSA"},"content":{"rendered":"\n<div class=\"wp-block-cover alignfull is-light\" style=\"min-height:100vh;aspect-ratio:unset;\"><span aria-hidden=\"true\" class=\"wp-block-cover__background has-background-dim-20 has-background-dim\"><\/span><img decoding=\"async\" class=\"wp-block-cover__image-background wp-image-12067\" alt=\"\" src=\"https:\/\/tierschutz.com\/app\/uploads\/2023\/11\/schweizer-tierschutz-sts-ueber-uns.jpg\" style=\"object-position:51% 64%\" data-object-fit=\"cover\" data-object-position=\"51% 64%\"\/><div class=\"wp-block-cover__inner-container is-layout-flow wp-block-cover-is-layout-flow\">\n<h1 class=\"wp-block-heading has-text-align-center has-background-color has-text-color\"><strong><strong>La PSA<\/strong><\/strong><\/h1>\n<\/div><\/div>\n\n\n\n<div class=\"wp-block-group has-background-background-color has-background is-layout-constrained wp-block-group-is-layout-constrained\"><div class=\"yoast-breadcrumbs\"><span><span><a href=\"https:\/\/tierschutz.com\/fr\/\">Page d\u2019accueil<\/a><\/span> \u00bb <span class=\"breadcrumb_last\" aria-current=\"page\">La PSA<\/span><\/span><\/div>\n\n\n<div class=\"wp-block-columns is-layout-flex wp-container-core-columns-is-layout-28f84493 wp-block-columns-is-layout-flex\">\n<div class=\"wp-block-column is-layout-flow wp-block-column-is-layout-flow\">\n<div class=\"wp-block-media-text alignwide is-stacked-on-mobile is-style-stacked-shadow no-inset\"><figure class=\"wp-block-media-text__media\"><a href=\"https:\/\/tierschutz.com\/ueber-uns\/was-wir-tun\/\"><img loading=\"lazy\" decoding=\"async\" width=\"1024\" height=\"658\" src=\"https:\/\/tierschutz.com\/app\/uploads\/2023\/07\/tierschutz-hundehaltung-1024x658.jpg\" alt=\"Ein gl\u00fccklicher junger Mann sitzt mit seinem H\u00fcndchen auf dem Sofa zu Hause.\" class=\"wp-image-8510 size-full\" srcset=\"https:\/\/mail.schweizertierschutz.ch\/app\/uploads\/2023\/07\/tierschutz-hundehaltung-1024x658.jpg 1024w, https:\/\/mail.schweizertierschutz.ch\/app\/uploads\/2023\/07\/tierschutz-hundehaltung-300x193.jpg 300w, https:\/\/mail.schweizertierschutz.ch\/app\/uploads\/2023\/07\/tierschutz-hundehaltung-768x494.jpg 768w, https:\/\/mail.schweizertierschutz.ch\/app\/uploads\/2023\/07\/tierschutz-hundehaltung.jpg 1416w\" sizes=\"auto, (max-width: 1024px) 100vw, 1024px\" \/><\/a><\/figure><div class=\"wp-block-media-text__content\">\n<h3 class=\"wp-block-heading\"><strong>Ce que nous faisons<\/strong><\/h3>\n\n\n\n<p>La Protection Suisse des Animaux PSA est l\u2019organisation fa\u00eeti\u00e8re de 71 organisations de protection des animaux dans toutes les r\u00e9gions linguistiques de Suisse et au Liechtenstein.<\/p>\n\n\n\n<div class=\"wp-block-buttons is-layout-flex wp-block-buttons-is-layout-flex\">\n<div class=\"wp-block-button\"><a class=\"wp-block-button__link wp-element-button\" href=\"https:\/\/tierschutz.com\/fr\/la-psa\/ce-que-nous-faisons\/\">En savoir plus<\/a><\/div>\n<\/div>\n<\/div><\/div>\n<\/div>\n\n\n\n<div class=\"wp-block-column is-layout-flow wp-block-column-is-layout-flow\">\n<div class=\"wp-block-media-text alignwide is-stacked-on-mobile is-style-stacked-shadow no-inset\"><figure class=\"wp-block-media-text__media\"><img loading=\"lazy\" decoding=\"async\" width=\"1024\" height=\"682\" src=\"https:\/\/tierschutz.com\/app\/uploads\/2023\/11\/schweizer-tierschutz-sts-verband-1024x682.jpg\" alt=\"Ein Schwein das hinter einem Zaun steht und von einer Person mit einer Kartoffel gef\u00fcttert wird. \" class=\"wp-image-12070 size-full\" srcset=\"https:\/\/mail.schweizertierschutz.ch\/app\/uploads\/2023\/11\/schweizer-tierschutz-sts-verband-1024x682.jpg 1024w, https:\/\/mail.schweizertierschutz.ch\/app\/uploads\/2023\/11\/schweizer-tierschutz-sts-verband-300x200.jpg 300w, https:\/\/mail.schweizertierschutz.ch\/app\/uploads\/2023\/11\/schweizer-tierschutz-sts-verband-768x512.jpg 768w, https:\/\/mail.schweizertierschutz.ch\/app\/uploads\/2023\/11\/schweizer-tierschutz-sts-verband-1536x1024.jpg 1536w, https:\/\/mail.schweizertierschutz.ch\/app\/uploads\/2023\/11\/schweizer-tierschutz-sts-verband-2048x1365.jpg 2048w\" sizes=\"auto, (max-width: 1024px) 100vw, 1024px\" \/><\/figure><div class=\"wp-block-media-text__content\">\n<h3 class=\"wp-block-heading\"><strong><strong>Association<\/strong><\/strong><\/h3>\n\n\n\n<p>La Protection Suisse des Animaux PSA est la plus grande et la plus importante organisation de protection et de bien-\u00eatre des animaux en Suisse.<\/p>\n\n\n\n<div class=\"wp-block-buttons is-layout-flex wp-block-buttons-is-layout-flex\">\n<div class=\"wp-block-button\"><a class=\"wp-block-button__link wp-element-button\" href=\"https:\/\/tierschutz.com\/fr\/la-psa\/association\/\">En savoir plus<\/a><\/div>\n<\/div>\n<\/div><\/div>\n<\/div>\n<\/div>\n\n\n\n<div class=\"wp-block-columns is-layout-flex wp-container-core-columns-is-layout-28f84493 wp-block-columns-is-layout-flex\">\n<div class=\"wp-block-column is-layout-flow wp-block-column-is-layout-flow\">\n<div class=\"wp-block-media-text alignwide is-stacked-on-mobile is-style-stacked-shadow no-inset\"><figure class=\"wp-block-media-text__media\"><img loading=\"lazy\" decoding=\"async\" width=\"1024\" height=\"683\" src=\"https:\/\/tierschutz.com\/app\/uploads\/2023\/11\/schweizer-tierschutz-sts-medien-1024x683.jpg\" alt=\"Hund der auf den Beinen einer Person liegt. \" class=\"wp-image-12058 size-full\" srcset=\"https:\/\/mail.schweizertierschutz.ch\/app\/uploads\/2023\/11\/schweizer-tierschutz-sts-medien-1024x683.jpg 1024w, https:\/\/mail.schweizertierschutz.ch\/app\/uploads\/2023\/11\/schweizer-tierschutz-sts-medien-300x200.jpg 300w, https:\/\/mail.schweizertierschutz.ch\/app\/uploads\/2023\/11\/schweizer-tierschutz-sts-medien-768x512.jpg 768w, https:\/\/mail.schweizertierschutz.ch\/app\/uploads\/2023\/11\/schweizer-tierschutz-sts-medien-1536x1024.jpg 1536w, https:\/\/mail.schweizertierschutz.ch\/app\/uploads\/2023\/11\/schweizer-tierschutz-sts-medien-2048x1366.jpg 2048w\" sizes=\"auto, (max-width: 1024px) 100vw, 1024px\" \/><\/figure><div class=\"wp-block-media-text__content\">\n<h3 class=\"wp-block-heading\"><strong><strong><strong>M\u00e9dias<\/strong><\/strong><\/strong><\/h3>\n\n\n\n<p>Le monde des m\u00e9dias n&#8217;hiberne pas. Retrouvez ici tous les communiqu\u00e9s de presse actuels, le mat\u00e9riel photographique et les contacts.<\/p>\n\n\n\n<div class=\"wp-block-buttons is-layout-flex wp-block-buttons-is-layout-flex\">\n<div class=\"wp-block-button\"><a class=\"wp-block-button__link wp-element-button\" href=\"https:\/\/tierschutz.com\/fr\/la-psa\/medias\/\">En savoir plus<\/a><\/div>\n<\/div>\n<\/div><\/div>\n<\/div>\n\n\n\n<div class=\"wp-block-column is-layout-flow wp-block-column-is-layout-flow\">\n<div class=\"wp-block-media-text alignwide is-stacked-on-mobile is-style-stacked-shadow no-inset\"><figure class=\"wp-block-media-text__media\"><img loading=\"lazy\" decoding=\"async\" width=\"1024\" height=\"684\" src=\"https:\/\/tierschutz.com\/app\/uploads\/2023\/11\/schweizer-tierschutz-sts-beratung-1024x684.jpg\" alt=\"Mann der auf einer Wiese steht und ein Schaf f\u00fcttert. \" class=\"wp-image-12079 size-full\" srcset=\"https:\/\/mail.schweizertierschutz.ch\/app\/uploads\/2023\/11\/schweizer-tierschutz-sts-beratung-1024x684.jpg 1024w, https:\/\/mail.schweizertierschutz.ch\/app\/uploads\/2023\/11\/schweizer-tierschutz-sts-beratung-300x200.jpg 300w, https:\/\/mail.schweizertierschutz.ch\/app\/uploads\/2023\/11\/schweizer-tierschutz-sts-beratung-768x513.jpg 768w, https:\/\/mail.schweizertierschutz.ch\/app\/uploads\/2023\/11\/schweizer-tierschutz-sts-beratung-1536x1025.jpg 1536w, https:\/\/mail.schweizertierschutz.ch\/app\/uploads\/2023\/11\/schweizer-tierschutz-sts-beratung-2048x1367.jpg 2048w\" sizes=\"auto, (max-width: 1024px) 100vw, 1024px\" \/><\/figure><div class=\"wp-block-media-text__content\">\n<h3 class=\"wp-block-heading\"><strong><strong><strong>Conseils<\/strong><\/strong><\/strong><\/h3>\n\n\n\n<p>Vous avez besoin de plus d&#8217;informations sur un service sp\u00e9cifique ? Vous en apprendrez plus ici.<\/p>\n\n\n\n<div class=\"wp-block-buttons is-layout-flex wp-block-buttons-is-layout-flex\">\n<div class=\"wp-block-button\"><a class=\"wp-block-button__link wp-element-button\" href=\"https:\/\/tierschutz.com\/fr\/la-psa\/conseils\/\">En savoir plus<\/a><\/div>\n<\/div>\n<\/div><\/div>\n<\/div>\n<\/div>\n<\/div>\n","protected":false},"excerpt":{"rendered":"<p>Ce que nous faisons La Protection Suisse des Animaux PSA est l\u2019organisation fa\u00eeti\u00e8re de 71 organisations de protection des animaux [&hellip;]<\/p>\n","protected":false},"author":5,"featured_media":0,"parent":0,"menu_order":178,"comment_status":"closed","ping_status":"closed","template":"","meta":{"_acf_changed":false,"inline_featured_image":false,"_vp_format_video_url":"","_vp_image_focal_point":[],"footnotes":""},"class_list":["post-4505","page","type-page","status-publish","hentry"],"acf":[],"yoast_head":"<!-- This site is optimized with the Yoast SEO Premium plugin v27.4 (Yoast SEO v27.4) - https:\/\/yoast.com\/product\/yoast-seo-premium-wordpress\/ -->\n<title>La PSA - Protection Suisse des Animaux PSA<\/title>\n<meta name=\"robots\" content=\"index, follow, max-snippet:-1, max-image-preview:large, max-video-preview:-1\" \/>\n<link rel=\"canonical\" href=\"https:\/\/mail.schweizertierschutz.ch\/fr\/la-psa\/\" \/>\n<meta property=\"og:locale\" content=\"fr_FR\" \/>\n<meta property=\"og:type\" content=\"article\" \/>\n<meta property=\"og:title\" content=\"La PSA\" \/>\n<meta property=\"og:description\" content=\"Ce que nous faisons La Protection Suisse des Animaux PSA est l\u2019organisation fa\u00eeti\u00e8re de 71 organisations de protection des animaux [&hellip;]\" \/>\n<meta property=\"og:url\" content=\"https:\/\/mail.schweizertierschutz.ch\/fr\/la-psa\/\" \/>\n<meta property=\"og:site_name\" content=\"Protection Suisse des Animaux PSA\" \/>\n<meta property=\"article:publisher\" content=\"https:\/\/www.facebook.com\/schweizertierschutz\/\" \/>\n<meta property=\"article:modified_time\" content=\"2024-04-23T08:44:34+00:00\" \/>\n<meta property=\"og:image\" content=\"https:\/\/tierschutz.com\/app\/uploads\/2023\/11\/schweizer-tierschutz-sts-ueber-uns.jpg\" \/>\n<meta name=\"twitter:card\" content=\"summary_large_image\" \/>\n<meta name=\"twitter:label1\" content=\"Dur\u00e9e de lecture estim\u00e9e\" \/>\n\t<meta name=\"twitter:data1\" content=\"2 minutes\" \/>\n<script type=\"application\/ld+json\" class=\"yoast-schema-graph\">{\"@context\":\"https:\\\/\\\/schema.org\",\"@graph\":[{\"@type\":\"WebPage\",\"@id\":\"https:\\\/\\\/mail.schweizertierschutz.ch\\\/fr\\\/la-psa\\\/\",\"url\":\"https:\\\/\\\/mail.schweizertierschutz.ch\\\/fr\\\/la-psa\\\/\",\"name\":\"La PSA - Protection Suisse des Animaux PSA\",\"isPartOf\":{\"@id\":\"https:\\\/\\\/tierschutz.com\\\/fr\\\/#website\"},\"primaryImageOfPage\":{\"@id\":\"https:\\\/\\\/mail.schweizertierschutz.ch\\\/fr\\\/la-psa\\\/#primaryimage\"},\"image\":{\"@id\":\"https:\\\/\\\/mail.schweizertierschutz.ch\\\/fr\\\/la-psa\\\/#primaryimage\"},\"thumbnailUrl\":\"https:\\\/\\\/tierschutz.com\\\/app\\\/uploads\\\/2023\\\/11\\\/schweizer-tierschutz-sts-ueber-uns.jpg\",\"datePublished\":\"2023-05-04T09:25:11+00:00\",\"dateModified\":\"2024-04-23T08:44:34+00:00\",\"breadcrumb\":{\"@id\":\"https:\\\/\\\/mail.schweizertierschutz.ch\\\/fr\\\/la-psa\\\/#breadcrumb\"},\"inLanguage\":\"fr-FR\",\"potentialAction\":[{\"@type\":\"ReadAction\",\"target\":[\"https:\\\/\\\/mail.schweizertierschutz.ch\\\/fr\\\/la-psa\\\/\"]}]},{\"@type\":\"ImageObject\",\"inLanguage\":\"fr-FR\",\"@id\":\"https:\\\/\\\/mail.schweizertierschutz.ch\\\/fr\\\/la-psa\\\/#primaryimage\",\"url\":\"https:\\\/\\\/tierschutz.com\\\/app\\\/uploads\\\/2023\\\/11\\\/schweizer-tierschutz-sts-ueber-uns.jpg\",\"contentUrl\":\"https:\\\/\\\/tierschutz.com\\\/app\\\/uploads\\\/2023\\\/11\\\/schweizer-tierschutz-sts-ueber-uns.jpg\"},{\"@type\":\"BreadcrumbList\",\"@id\":\"https:\\\/\\\/mail.schweizertierschutz.ch\\\/fr\\\/la-psa\\\/#breadcrumb\",\"itemListElement\":[{\"@type\":\"ListItem\",\"position\":1,\"name\":\"Page d\u2019accueil\",\"item\":\"https:\\\/\\\/tierschutz.com\\\/fr\\\/\"},{\"@type\":\"ListItem\",\"position\":2,\"name\":\"La PSA\"}]},{\"@type\":\"WebSite\",\"@id\":\"https:\\\/\\\/tierschutz.com\\\/fr\\\/#website\",\"url\":\"https:\\\/\\\/tierschutz.com\\\/fr\\\/\",\"name\":\"tierschutz.com\",\"description\":\"Wir setzen uns f\u00fcr das Wohl der Tiere ein.\",\"publisher\":{\"@id\":\"https:\\\/\\\/tierschutz.com\\\/fr\\\/#organization\"},\"alternateName\":\"Schweizer Tierschutz STS\",\"potentialAction\":[{\"@type\":\"SearchAction\",\"target\":{\"@type\":\"EntryPoint\",\"urlTemplate\":\"https:\\\/\\\/tierschutz.com\\\/fr\\\/?s={search_term_string}\"},\"query-input\":{\"@type\":\"PropertyValueSpecification\",\"valueRequired\":true,\"valueName\":\"search_term_string\"}}],\"inLanguage\":\"fr-FR\"},{\"@type\":\"Organization\",\"@id\":\"https:\\\/\\\/tierschutz.com\\\/fr\\\/#organization\",\"name\":\"Schweizer Tierschutz STS\",\"alternateName\":\"STS\",\"url\":\"https:\\\/\\\/tierschutz.com\\\/fr\\\/\",\"logo\":{\"@type\":\"ImageObject\",\"inLanguage\":\"fr-FR\",\"@id\":\"https:\\\/\\\/tierschutz.com\\\/fr\\\/#\\\/schema\\\/logo\\\/image\\\/\",\"url\":\"https:\\\/\\\/mail.schweizertierschutz.ch\\\/app\\\/uploads\\\/2024\\\/04\\\/logo-schweizer-tierschutz-sts-1.svg\",\"contentUrl\":\"https:\\\/\\\/mail.schweizertierschutz.ch\\\/app\\\/uploads\\\/2024\\\/04\\\/logo-schweizer-tierschutz-sts-1.svg\",\"caption\":\"Schweizer Tierschutz STS\"},\"image\":{\"@id\":\"https:\\\/\\\/tierschutz.com\\\/fr\\\/#\\\/schema\\\/logo\\\/image\\\/\"},\"sameAs\":[\"https:\\\/\\\/www.facebook.com\\\/schweizertierschutz\\\/\",\"https:\\\/\\\/www.instagram.com\\\/schweizertierschutzsts\\\/\",\"https:\\\/\\\/www.youtube.com\\\/@STS_Tierschutz\",\"https:\\\/\\\/www.linkedin.com\\\/company\\\/schweizertierschutzsts\\\/\"],\"description\":\"Der Schweizer Tierschutz STS ist der Dachverband von 71 Tierschutzorganisationen in allen Sprachregionen der Schweiz und in Liechtenstein. Seine Mitarbeitenden leisten wissenschaftlich fundierte Grundlagenarbeit, setzen sich mit Projekten und Aktionen f\u00fcr den Schutz und das Wohlbefinden von Heim-, Wild-, Nutz- und Versuchstieren ein und sensibilisieren die \u00d6ffentlichkeit f\u00fcr Tierschutzthemen.\",\"email\":\"sts@tierschutz.com\",\"telephone\":\"061 365 99 99\",\"legalName\":\"Schweizer Tierschutz STS\"}]}<\/script>\n<!-- \/ Yoast SEO Premium plugin. -->","yoast_head_json":{"title":"La PSA - Protection Suisse des Animaux PSA","robots":{"index":"index","follow":"follow","max-snippet":"max-snippet:-1","max-image-preview":"max-image-preview:large","max-video-preview":"max-video-preview:-1"},"canonical":"https:\/\/mail.schweizertierschutz.ch\/fr\/la-psa\/","og_locale":"fr_FR","og_type":"article","og_title":"La PSA","og_description":"Ce que nous faisons La Protection Suisse des Animaux PSA est l\u2019organisation fa\u00eeti\u00e8re de 71 organisations de protection des animaux [&hellip;]","og_url":"https:\/\/mail.schweizertierschutz.ch\/fr\/la-psa\/","og_site_name":"Protection Suisse des Animaux PSA","article_publisher":"https:\/\/www.facebook.com\/schweizertierschutz\/","article_modified_time":"2024-04-23T08:44:34+00:00","og_image":[{"url":"https:\/\/tierschutz.com\/app\/uploads\/2023\/11\/schweizer-tierschutz-sts-ueber-uns.jpg","type":"","width":"","height":""}],"twitter_card":"summary_large_image","twitter_misc":{"Dur\u00e9e de lecture estim\u00e9e":"2 minutes"},"schema":{"@context":"https:\/\/schema.org","@graph":[{"@type":"WebPage","@id":"https:\/\/mail.schweizertierschutz.ch\/fr\/la-psa\/","url":"https:\/\/mail.schweizertierschutz.ch\/fr\/la-psa\/","name":"La PSA - Protection Suisse des Animaux PSA","isPartOf":{"@id":"https:\/\/tierschutz.com\/fr\/#website"},"primaryImageOfPage":{"@id":"https:\/\/mail.schweizertierschutz.ch\/fr\/la-psa\/#primaryimage"},"image":{"@id":"https:\/\/mail.schweizertierschutz.ch\/fr\/la-psa\/#primaryimage"},"thumbnailUrl":"https:\/\/tierschutz.com\/app\/uploads\/2023\/11\/schweizer-tierschutz-sts-ueber-uns.jpg","datePublished":"2023-05-04T09:25:11+00:00","dateModified":"2024-04-23T08:44:34+00:00","breadcrumb":{"@id":"https:\/\/mail.schweizertierschutz.ch\/fr\/la-psa\/#breadcrumb"},"inLanguage":"fr-FR","potentialAction":[{"@type":"ReadAction","target":["https:\/\/mail.schweizertierschutz.ch\/fr\/la-psa\/"]}]},{"@type":"ImageObject","inLanguage":"fr-FR","@id":"https:\/\/mail.schweizertierschutz.ch\/fr\/la-psa\/#primaryimage","url":"https:\/\/tierschutz.com\/app\/uploads\/2023\/11\/schweizer-tierschutz-sts-ueber-uns.jpg","contentUrl":"https:\/\/tierschutz.com\/app\/uploads\/2023\/11\/schweizer-tierschutz-sts-ueber-uns.jpg"},{"@type":"BreadcrumbList","@id":"https:\/\/mail.schweizertierschutz.ch\/fr\/la-psa\/#breadcrumb","itemListElement":[{"@type":"ListItem","position":1,"name":"Page d\u2019accueil","item":"https:\/\/tierschutz.com\/fr\/"},{"@type":"ListItem","position":2,"name":"La PSA"}]},{"@type":"WebSite","@id":"https:\/\/tierschutz.com\/fr\/#website","url":"https:\/\/tierschutz.com\/fr\/","name":"tierschutz.com","description":"Wir setzen uns f\u00fcr das Wohl der Tiere ein.","publisher":{"@id":"https:\/\/tierschutz.com\/fr\/#organization"},"alternateName":"Schweizer Tierschutz STS","potentialAction":[{"@type":"SearchAction","target":{"@type":"EntryPoint","urlTemplate":"https:\/\/tierschutz.com\/fr\/?s={search_term_string}"},"query-input":{"@type":"PropertyValueSpecification","valueRequired":true,"valueName":"search_term_string"}}],"inLanguage":"fr-FR"},{"@type":"Organization","@id":"https:\/\/tierschutz.com\/fr\/#organization","name":"Schweizer Tierschutz STS","alternateName":"STS","url":"https:\/\/tierschutz.com\/fr\/","logo":{"@type":"ImageObject","inLanguage":"fr-FR","@id":"https:\/\/tierschutz.com\/fr\/#\/schema\/logo\/image\/","url":"https:\/\/mail.schweizertierschutz.ch\/app\/uploads\/2024\/04\/logo-schweizer-tierschutz-sts-1.svg","contentUrl":"https:\/\/mail.schweizertierschutz.ch\/app\/uploads\/2024\/04\/logo-schweizer-tierschutz-sts-1.svg","caption":"Schweizer Tierschutz STS"},"image":{"@id":"https:\/\/tierschutz.com\/fr\/#\/schema\/logo\/image\/"},"sameAs":["https:\/\/www.facebook.com\/schweizertierschutz\/","https:\/\/www.instagram.com\/schweizertierschutzsts\/","https:\/\/www.youtube.com\/@STS_Tierschutz","https:\/\/www.linkedin.com\/company\/schweizertierschutzsts\/"],"description":"Der Schweizer Tierschutz STS ist der Dachverband von 71 Tierschutzorganisationen in allen Sprachregionen der Schweiz und in Liechtenstein. Seine Mitarbeitenden leisten wissenschaftlich fundierte Grundlagenarbeit, setzen sich mit Projekten und Aktionen f\u00fcr den Schutz und das Wohlbefinden von Heim-, Wild-, Nutz- und Versuchstieren ein und sensibilisieren die \u00d6ffentlichkeit f\u00fcr Tierschutzthemen.","email":"sts@tierschutz.com","telephone":"061 365 99 99","legalName":"Schweizer Tierschutz STS"}]}},"_links":{"self":[{"href":"https:\/\/mail.schweizertierschutz.ch\/fr\/wp-json\/wp\/v2\/pages\/4505","targetHints":{"allow":["GET"]}}],"collection":[{"href":"https:\/\/mail.schweizertierschutz.ch\/fr\/wp-json\/wp\/v2\/pages"}],"about":[{"href":"https:\/\/mail.schweizertierschutz.ch\/fr\/wp-json\/wp\/v2\/types\/page"}],"author":[{"embeddable":true,"href":"https:\/\/mail.schweizertierschutz.ch\/fr\/wp-json\/wp\/v2\/users\/5"}],"replies":[{"embeddable":true,"href":"https:\/\/mail.schweizertierschutz.ch\/fr\/wp-json\/wp\/v2\/comments?post=4505"}],"version-history":[{"count":11,"href":"https:\/\/mail.schweizertierschutz.ch\/fr\/wp-json\/wp\/v2\/pages\/4505\/revisions"}],"predecessor-version":[{"id":19611,"href":"https:\/\/mail.schweizertierschutz.ch\/fr\/wp-json\/wp\/v2\/pages\/4505\/revisions\/19611"}],"wp:attachment":[{"href":"https:\/\/mail.schweizertierschutz.ch\/fr\/wp-json\/wp\/v2\/media?parent=4505"}],"curies":[{"name":"wp","href":"https:\/\/api.w.org\/{rel}","templated":true}]}}