{"id":4519,"date":"2023-05-04T15:30:08","date_gmt":"2023-05-04T13:30:08","guid":{"rendered":"https:\/\/dev.tierschutz.com\/?page_id=4519"},"modified":"2026-02-27T11:26:50","modified_gmt":"2026-02-27T10:26:50","slug":"comite-directeur","status":"publish","type":"page","link":"https:\/\/mail.schweizertierschutz.ch\/fr\/la-psa\/association\/comite-directeur\/","title":{"rendered":"Comit\u00e9 directeur"},"content":{"rendered":"\n<div class=\"wp-block-cover alignfull is-light\"><img loading=\"lazy\" decoding=\"async\" width=\"2560\" height=\"1707\" class=\"wp-block-cover__image-background wp-image-12073\" alt=\"Zwei Hirtenhunde die eine Herde Schafe bewacht. \" src=\"https:\/\/tierschutz.com\/app\/uploads\/2023\/11\/schweizer-tierschutz-sts-zentralvorstand.jpg\" style=\"object-position:46% 69%\" data-object-fit=\"cover\" data-object-position=\"46% 69%\" srcset=\"https:\/\/mail.schweizertierschutz.ch\/app\/uploads\/2023\/11\/schweizer-tierschutz-sts-zentralvorstand.jpg 2560w, https:\/\/mail.schweizertierschutz.ch\/app\/uploads\/2023\/11\/schweizer-tierschutz-sts-zentralvorstand-300x200.jpg 300w, https:\/\/mail.schweizertierschutz.ch\/app\/uploads\/2023\/11\/schweizer-tierschutz-sts-zentralvorstand-1024x683.jpg 1024w, https:\/\/mail.schweizertierschutz.ch\/app\/uploads\/2023\/11\/schweizer-tierschutz-sts-zentralvorstand-768x512.jpg 768w, https:\/\/mail.schweizertierschutz.ch\/app\/uploads\/2023\/11\/schweizer-tierschutz-sts-zentralvorstand-1536x1024.jpg 1536w, https:\/\/mail.schweizertierschutz.ch\/app\/uploads\/2023\/11\/schweizer-tierschutz-sts-zentralvorstand-2048x1366.jpg 2048w\" sizes=\"auto, (max-width: 2560px) 100vw, 2560px\" \/><span aria-hidden=\"true\" class=\"wp-block-cover__background has-background-dim-20 has-background-dim\"><\/span><div class=\"wp-block-cover__inner-container is-layout-flow wp-block-cover-is-layout-flow\">\n<h2 class=\"wp-block-heading has-text-align-center has-background-color has-text-color\" id=\"h-comite-directeur\">Comit\u00e9 directeur<\/h2>\n<\/div><\/div>\n\n\n\n<div class=\"wp-block-group alignfull anchor-bar has-lightgray-background-color has-background is-layout-constrained wp-block-group-is-layout-constrained\">\n<div class=\"wp-block-group is-content-justification-center is-layout-flex wp-container-core-group-is-layout-b02886af wp-block-group-is-layout-flex\">\n<p class=\"has-large-font-size\"><strong><strong><a href=\"#presidence\">Pr\u00e9sidence<\/a><\/strong><\/strong><\/p>\n\n\n\n<p class=\"has-large-font-size\"><strong><a href=\"#membres\"><strong>Membres<\/strong><\/a><\/strong><\/p>\n<\/div>\n<\/div>\n\n\n\n<div class=\"wp-block-group alignfull has-background-background-color has-background is-layout-constrained wp-block-group-is-layout-constrained\" id=\"Organisation\"><div class=\"yoast-breadcrumbs\"><span><span><a href=\"https:\/\/mail.schweizer-tierschutz.ch\/fr\/\">Page d\u2019accueil<\/a><\/span> \u00bb <span><a href=\"https:\/\/mail.swiss-animal-protection.ch\/fr\/la-psa\/\">La PSA<\/a><\/span> \u00bb <span><a href=\"https:\/\/mail.swiss-animal-protection.ch\/fr\/la-psa\/association\/\">Association<\/a><\/span> \u00bb <span class=\"breadcrumb_last\" aria-current=\"page\">Comit\u00e9 directeur<\/span><\/span><\/div>\n\n\n<h1 class=\"wp-block-heading has-text-align-center\" id=\"h-comite-directeur-0\"><strong>Comit\u00e9 directeur<\/strong><\/h1>\n\n\n\n<hr class=\"wp-block-separator has-text-color has-primary-color has-alpha-channel-opacity has-primary-background-color has-background\"\/>\n\n\n\n<p class=\"has-text-align-center\">Le comit\u00e9 directeur travaillant b\u00e9n\u00e9volement est r\u00e9parti en d\u00e9partements. Il se r\u00e9unit plusieurs fois par an, d\u00e9finit les lignes directrices en tant qu\u2019organe strat\u00e9gique et approuve les budgets pour le travail de protection des animaux de la PSA.<\/p>\n\n\n\n<div class=\"wp-block-group alignfull has-background-background-color has-background is-layout-constrained wp-block-group-is-layout-constrained\" id=\"presidence\">\n<h2 class=\"wp-block-heading has-text-align-center\" id=\"h-presidence\"><strong><strong><strong><strong><strong><strong><strong>Pr\u00e9sidence<\/strong><\/strong><\/strong><\/strong><\/strong><\/strong><\/strong><\/h2>\n\n\n\n<hr class=\"wp-block-separator has-text-color has-primary-color has-alpha-channel-opacity has-primary-background-color has-background\"\/>\n\n\n\n<div class=\"wp-block-columns are-vertically-aligned-top is-layout-flex wp-container-core-columns-is-layout-28f84493 wp-block-columns-is-layout-flex\">\n<div class=\"wp-block-column is-vertically-aligned-top is-layout-constrained wp-block-column-is-layout-constrained\">\n<figure class=\"wp-block-image size-full\"><img loading=\"lazy\" decoding=\"async\" width=\"2560\" height=\"1704\" src=\"https:\/\/tierschutz.com\/app\/uploads\/2025\/10\/HUG_3237-Kopie-klein-scaled.jpg\" alt=\"\" class=\"wp-image-34784\" style=\"aspect-ratio:16\/9;object-fit:cover\" srcset=\"https:\/\/mail.schweizertierschutz.ch\/app\/uploads\/2025\/10\/HUG_3237-Kopie-klein-scaled.jpg 2560w, https:\/\/mail.schweizertierschutz.ch\/app\/uploads\/2025\/10\/HUG_3237-Kopie-klein-300x200.jpg 300w, https:\/\/mail.schweizertierschutz.ch\/app\/uploads\/2025\/10\/HUG_3237-Kopie-klein-1024x682.jpg 1024w, https:\/\/mail.schweizertierschutz.ch\/app\/uploads\/2025\/10\/HUG_3237-Kopie-klein-768x511.jpg 768w, https:\/\/mail.schweizertierschutz.ch\/app\/uploads\/2025\/10\/HUG_3237-Kopie-klein-1536x1022.jpg 1536w, https:\/\/mail.schweizertierschutz.ch\/app\/uploads\/2025\/10\/HUG_3237-Kopie-klein-2048x1363.jpg 2048w\" sizes=\"auto, (max-width: 2560px) 100vw, 2560px\" \/><figcaption class=\"wp-element-caption\">Eva Suhner, Vice-pr\u00e9sidente et Peter V. Kunz, Pr\u00e9sident de la PSA<\/figcaption><\/figure>\n<\/div>\n\n\n\n<div class=\"wp-block-column is-vertically-aligned-top is-layout-flow wp-block-column-is-layout-flow\">\n<div class=\"wp-block-group is-style-shadow-box has-background-background-color has-background is-content-justification-left is-layout-constrained wp-container-core-group-is-layout-c4d06299 wp-block-group-is-layout-constrained\">\n<h3 class=\"wp-block-heading\" id=\"h-peter-v-kunz\"><strong>Peter V. Kunz<\/strong><\/h3>\n\n\n\n<p><mark style=\"background-color:rgba(0, 0, 0, 0)\" class=\"has-inline-color has-secondary-color\">Pr\u00e9sident &#8211; Prof. Dr.<\/mark><\/p>\n<\/div>\n\n\n\n<div class=\"wp-block-group is-style-shadow-box has-background-background-color has-background is-content-justification-left is-layout-constrained wp-container-core-group-is-layout-7cef470d wp-block-group-is-layout-constrained\">\n<h3 class=\"wp-block-heading\" id=\"h-eva-suhner\"><strong>Eva Suhner<\/strong><\/h3>\n\n\n\n<p><mark style=\"background-color:rgba(0, 0, 0, 0)\" class=\"has-inline-color has-secondary-color\">Vice-pr\u00e9sidente<\/mark><\/p>\n<\/div>\n<\/div>\n<\/div>\n<\/div>\n\n\n\n<div class=\"wp-block-group alignfull has-background-background-color has-background is-layout-constrained wp-block-group-is-layout-constrained\" id=\"membres\">\n<h2 class=\"wp-block-heading has-text-align-center\" id=\"h-membres\"><strong><strong><strong><strong><strong><strong><strong>Membres<\/strong><\/strong><\/strong><\/strong><\/strong><\/strong><\/strong><\/h2>\n\n\n\n<hr class=\"wp-block-separator has-text-color has-primary-color has-alpha-channel-opacity has-primary-background-color has-background\"\/>\n\n\n\n<div class=\"wp-block-group has-3-cols is-layout-flex wp-container-core-group-is-layout-d0921e6e wp-block-group-is-layout-flex\">\n<div class=\"wp-block-group is-style-shadow-box has-background-background-color has-background is-layout-constrained wp-block-group-is-layout-constrained\">\n<h3 class=\"wp-block-heading\" id=\"h-elena-grisafi-favre\"><strong>Elena Grisafi Favre<\/strong><\/h3>\n\n\n\n<p><mark style=\"background-color:rgba(0, 0, 0, 0)\" class=\"has-inline-color has-secondary-color\">La Colline aux lapins<\/mark><\/p>\n<\/div>\n\n\n\n<div class=\"wp-block-group is-style-shadow-box has-background-background-color has-background is-layout-constrained wp-block-group-is-layout-constrained\">\n<h3 class=\"wp-block-heading\" id=\"h-gianmarco-lepri\"><strong>Gianmarco Lepri<\/strong><\/h3>\n\n\n\n<p><mark style=\"background-color:rgba(0, 0, 0, 0)\" class=\"has-inline-color has-secondary-color\">SPA Locarno<\/mark><\/p>\n<\/div>\n\n\n\n<div class=\"wp-block-group is-style-shadow-box has-background-background-color has-background is-layout-constrained wp-block-group-is-layout-constrained\">\n<h3 class=\"wp-block-heading\" id=\"h-marina-morach\"><strong>Marina Morach<\/strong><\/h3>\n\n\n\n<p><mark style=\"background-color:rgba(0, 0, 0, 0)\" class=\"has-inline-color has-secondary-color\">Aargauischer Tierschutzverein ATs<\/mark><\/p>\n<\/div>\n\n\n\n<div class=\"wp-block-group is-style-shadow-box has-background-background-color has-background is-layout-constrained wp-block-group-is-layout-constrained\">\n<h3 class=\"wp-block-heading\" id=\"h-catherine-muller\"><strong>Catherine M\u00fcller<\/strong><\/h3>\n\n\n\n<p><mark style=\"background-color:rgba(0, 0, 0, 0)\" class=\"has-inline-color has-secondary-color\">Tierd\u00f6rfli Olten \u2013 TSV Mittelland<\/mark><\/p>\n<\/div>\n\n\n\n<div class=\"wp-block-group is-style-shadow-box has-background-background-color has-background is-layout-constrained wp-block-group-is-layout-constrained\">\n<h3 class=\"wp-block-heading\" id=\"h-andreas-russi\"><strong>Andreas Russi<\/strong><\/h3>\n\n\n\n<p><mark style=\"background-color:rgba(0, 0, 0, 0)\" class=\"has-inline-color has-secondary-color\">Berner Tierschutz<\/mark><\/p>\n<\/div>\n\n\n\n<div class=\"wp-block-group is-style-shadow-box has-background-background-color has-background is-layout-constrained wp-block-group-is-layout-constrained\">\n<h3 class=\"wp-block-heading\" id=\"h-sandrine-stuck-grosclaude\"><strong>Sandrine Stuck Grosclaude<\/strong><\/h3>\n\n\n\n<p><mark style=\"background-color:rgba(0, 0, 0, 0)\" class=\"has-inline-color has-secondary-color\">TSV Biel\/Bienne-Seeland-Jura bernois<\/mark><\/p>\n<\/div>\n\n\n\n<div class=\"wp-block-group is-style-shadow-box has-background-background-color has-background is-layout-constrained wp-block-group-is-layout-constrained\">\n<h3 class=\"wp-block-heading\" id=\"h-martina-vogel\"><strong>Martina Vogel<\/strong><\/h3>\n\n\n\n<p><mark style=\"background-color:rgba(0, 0, 0, 0)\" class=\"has-inline-color has-secondary-color\">Tierschutz beider Basel<\/mark><\/p>\n<\/div>\n\n\n\n<div class=\"wp-block-group is-style-shadow-box has-background-background-color has-background is-layout-constrained wp-block-group-is-layout-constrained\">\n<h3 class=\"wp-block-heading\" id=\"h-stefan-werner\"><strong>Stefan Werner<\/strong><\/h3>\n\n\n\n<p><mark style=\"background-color:rgba(0, 0, 0, 0)\" class=\"has-inline-color has-secondary-color\">TSV Zug<\/mark><\/p>\n<\/div>\n<\/div>\n<\/div>\n<\/div>\n","protected":false},"excerpt":{"rendered":"<p>Pr\u00e9sidence Membres Comit\u00e9 directeur Le comit\u00e9 directeur travaillant b\u00e9n\u00e9volement est r\u00e9parti en d\u00e9partements. Il se r\u00e9unit plusieurs fois par an, [&hellip;]<\/p>\n","protected":false},"author":5,"featured_media":0,"parent":4507,"menu_order":236,"comment_status":"closed","ping_status":"closed","template":"","meta":{"_acf_changed":false,"inline_featured_image":false,"_vp_format_video_url":"","_vp_image_focal_point":[],"footnotes":""},"class_list":["post-4519","page","type-page","status-publish","hentry"],"acf":[],"yoast_head":"<!-- This site is optimized with the Yoast SEO Premium plugin v27.4 (Yoast SEO v27.4) - https:\/\/yoast.com\/product\/yoast-seo-premium-wordpress\/ -->\n<title>Comit\u00e9 directeur - Protection Suisse des Animaux PSA<\/title>\n<meta name=\"robots\" content=\"index, follow, max-snippet:-1, max-image-preview:large, max-video-preview:-1\" \/>\n<link rel=\"canonical\" href=\"https:\/\/mail.schweizertierschutz.ch\/fr\/la-psa\/association\/comite-directeur\/\" \/>\n<meta property=\"og:locale\" content=\"fr_FR\" \/>\n<meta property=\"og:type\" content=\"article\" \/>\n<meta property=\"og:title\" content=\"Comit\u00e9 directeur\" \/>\n<meta property=\"og:description\" content=\"Pr\u00e9sidence Membres Comit\u00e9 directeur Le comit\u00e9 directeur travaillant b\u00e9n\u00e9volement est r\u00e9parti en d\u00e9partements. Il se r\u00e9unit plusieurs fois par an, [&hellip;]\" \/>\n<meta property=\"og:url\" content=\"https:\/\/mail.schweizertierschutz.ch\/fr\/la-psa\/association\/comite-directeur\/\" \/>\n<meta property=\"og:site_name\" content=\"Protection Suisse des Animaux PSA\" \/>\n<meta property=\"article:publisher\" content=\"https:\/\/www.facebook.com\/schweizertierschutz\/\" \/>\n<meta property=\"article:modified_time\" content=\"2026-02-27T10:26:50+00:00\" \/>\n<meta property=\"og:image\" content=\"https:\/\/tierschutz.com\/app\/uploads\/2023\/11\/schweizer-tierschutz-sts-zentralvorstand.jpg\" \/>\n<meta name=\"twitter:card\" content=\"summary_large_image\" \/>\n<meta name=\"twitter:label1\" content=\"Dur\u00e9e de lecture estim\u00e9e\" \/>\n\t<meta name=\"twitter:data1\" content=\"1 minute\" \/>\n<script type=\"application\/ld+json\" class=\"yoast-schema-graph\">{\"@context\":\"https:\\\/\\\/schema.org\",\"@graph\":[{\"@type\":\"WebPage\",\"@id\":\"https:\\\/\\\/mail.schweizertierschutz.ch\\\/fr\\\/la-psa\\\/association\\\/comite-directeur\\\/\",\"url\":\"https:\\\/\\\/mail.schweizertierschutz.ch\\\/fr\\\/la-psa\\\/association\\\/comite-directeur\\\/\",\"name\":\"Comit\u00e9 directeur - Protection Suisse des Animaux PSA\",\"isPartOf\":{\"@id\":\"https:\\\/\\\/sts-psa.ch\\\/fr\\\/#website\"},\"primaryImageOfPage\":{\"@id\":\"https:\\\/\\\/mail.schweizertierschutz.ch\\\/fr\\\/la-psa\\\/association\\\/comite-directeur\\\/#primaryimage\"},\"image\":{\"@id\":\"https:\\\/\\\/mail.schweizertierschutz.ch\\\/fr\\\/la-psa\\\/association\\\/comite-directeur\\\/#primaryimage\"},\"thumbnailUrl\":\"https:\\\/\\\/tierschutz.com\\\/app\\\/uploads\\\/2023\\\/11\\\/schweizer-tierschutz-sts-zentralvorstand.jpg\",\"datePublished\":\"2023-05-04T13:30:08+00:00\",\"dateModified\":\"2026-02-27T10:26:50+00:00\",\"breadcrumb\":{\"@id\":\"https:\\\/\\\/mail.schweizertierschutz.ch\\\/fr\\\/la-psa\\\/association\\\/comite-directeur\\\/#breadcrumb\"},\"inLanguage\":\"fr-FR\",\"potentialAction\":[{\"@type\":\"ReadAction\",\"target\":[\"https:\\\/\\\/mail.schweizertierschutz.ch\\\/fr\\\/la-psa\\\/association\\\/comite-directeur\\\/\"]}]},{\"@type\":\"ImageObject\",\"inLanguage\":\"fr-FR\",\"@id\":\"https:\\\/\\\/mail.schweizertierschutz.ch\\\/fr\\\/la-psa\\\/association\\\/comite-directeur\\\/#primaryimage\",\"url\":\"https:\\\/\\\/tierschutz.com\\\/app\\\/uploads\\\/2023\\\/11\\\/schweizer-tierschutz-sts-zentralvorstand.jpg\",\"contentUrl\":\"https:\\\/\\\/tierschutz.com\\\/app\\\/uploads\\\/2023\\\/11\\\/schweizer-tierschutz-sts-zentralvorstand.jpg\"},{\"@type\":\"BreadcrumbList\",\"@id\":\"https:\\\/\\\/mail.schweizertierschutz.ch\\\/fr\\\/la-psa\\\/association\\\/comite-directeur\\\/#breadcrumb\",\"itemListElement\":[{\"@type\":\"ListItem\",\"position\":1,\"name\":\"Page d\u2019accueil\",\"item\":\"https:\\\/\\\/mail.schweizer-tierschutz.ch\\\/fr\\\/\"},{\"@type\":\"ListItem\",\"position\":2,\"name\":\"La PSA\",\"item\":\"https:\\\/\\\/mail.swiss-animal-protection.ch\\\/fr\\\/la-psa\\\/\"},{\"@type\":\"ListItem\",\"position\":3,\"name\":\"Association\",\"item\":\"https:\\\/\\\/mail.swiss-animal-protection.ch\\\/fr\\\/la-psa\\\/association\\\/\"},{\"@type\":\"ListItem\",\"position\":4,\"name\":\"Comit\u00e9 directeur\"}]},{\"@type\":\"WebSite\",\"@id\":\"https:\\\/\\\/sts-psa.ch\\\/fr\\\/#website\",\"url\":\"https:\\\/\\\/sts-psa.ch\\\/fr\\\/\",\"name\":\"tierschutz.com\",\"description\":\"Wir setzen uns f\u00fcr das Wohl der Tiere ein.\",\"publisher\":{\"@id\":\"https:\\\/\\\/sts-psa.ch\\\/fr\\\/#organization\"},\"alternateName\":\"Schweizer Tierschutz STS\",\"potentialAction\":[{\"@type\":\"SearchAction\",\"target\":{\"@type\":\"EntryPoint\",\"urlTemplate\":\"https:\\\/\\\/sts-psa.ch\\\/fr\\\/?s={search_term_string}\"},\"query-input\":{\"@type\":\"PropertyValueSpecification\",\"valueRequired\":true,\"valueName\":\"search_term_string\"}}],\"inLanguage\":\"fr-FR\"},{\"@type\":\"Organization\",\"@id\":\"https:\\\/\\\/sts-psa.ch\\\/fr\\\/#organization\",\"name\":\"Schweizer Tierschutz STS\",\"alternateName\":\"STS\",\"url\":\"https:\\\/\\\/sts-psa.ch\\\/fr\\\/\",\"logo\":{\"@type\":\"ImageObject\",\"inLanguage\":\"fr-FR\",\"@id\":\"https:\\\/\\\/sts-psa.ch\\\/fr\\\/#\\\/schema\\\/logo\\\/image\\\/\",\"url\":\"https:\\\/\\\/mail.schweizertierschutz.ch\\\/app\\\/uploads\\\/2024\\\/04\\\/logo-schweizer-tierschutz-sts-1.svg\",\"contentUrl\":\"https:\\\/\\\/mail.schweizertierschutz.ch\\\/app\\\/uploads\\\/2024\\\/04\\\/logo-schweizer-tierschutz-sts-1.svg\",\"caption\":\"Schweizer Tierschutz STS\"},\"image\":{\"@id\":\"https:\\\/\\\/sts-psa.ch\\\/fr\\\/#\\\/schema\\\/logo\\\/image\\\/\"},\"sameAs\":[\"https:\\\/\\\/www.facebook.com\\\/schweizertierschutz\\\/\",\"https:\\\/\\\/www.instagram.com\\\/schweizertierschutzsts\\\/\",\"https:\\\/\\\/www.youtube.com\\\/@STS_Tierschutz\",\"https:\\\/\\\/www.linkedin.com\\\/company\\\/schweizertierschutzsts\\\/\"],\"description\":\"Der Schweizer Tierschutz STS ist der Dachverband von 71 Tierschutzorganisationen in allen Sprachregionen der Schweiz und in Liechtenstein. Seine Mitarbeitenden leisten wissenschaftlich fundierte Grundlagenarbeit, setzen sich mit Projekten und Aktionen f\u00fcr den Schutz und das Wohlbefinden von Heim-, Wild-, Nutz- und Versuchstieren ein und sensibilisieren die \u00d6ffentlichkeit f\u00fcr Tierschutzthemen.\",\"email\":\"sts@tierschutz.com\",\"telephone\":\"061 365 99 99\",\"legalName\":\"Schweizer Tierschutz STS\"}]}<\/script>\n<!-- \/ Yoast SEO Premium plugin. -->","yoast_head_json":{"title":"Comit\u00e9 directeur - Protection Suisse des Animaux PSA","robots":{"index":"index","follow":"follow","max-snippet":"max-snippet:-1","max-image-preview":"max-image-preview:large","max-video-preview":"max-video-preview:-1"},"canonical":"https:\/\/mail.schweizertierschutz.ch\/fr\/la-psa\/association\/comite-directeur\/","og_locale":"fr_FR","og_type":"article","og_title":"Comit\u00e9 directeur","og_description":"Pr\u00e9sidence Membres Comit\u00e9 directeur Le comit\u00e9 directeur travaillant b\u00e9n\u00e9volement est r\u00e9parti en d\u00e9partements. Il se r\u00e9unit plusieurs fois par an, [&hellip;]","og_url":"https:\/\/mail.schweizertierschutz.ch\/fr\/la-psa\/association\/comite-directeur\/","og_site_name":"Protection Suisse des Animaux PSA","article_publisher":"https:\/\/www.facebook.com\/schweizertierschutz\/","article_modified_time":"2026-02-27T10:26:50+00:00","og_image":[{"url":"https:\/\/tierschutz.com\/app\/uploads\/2023\/11\/schweizer-tierschutz-sts-zentralvorstand.jpg","type":"","width":"","height":""}],"twitter_card":"summary_large_image","twitter_misc":{"Dur\u00e9e de lecture estim\u00e9e":"1 minute"},"schema":{"@context":"https:\/\/schema.org","@graph":[{"@type":"WebPage","@id":"https:\/\/mail.schweizertierschutz.ch\/fr\/la-psa\/association\/comite-directeur\/","url":"https:\/\/mail.schweizertierschutz.ch\/fr\/la-psa\/association\/comite-directeur\/","name":"Comit\u00e9 directeur - Protection Suisse des Animaux PSA","isPartOf":{"@id":"https:\/\/sts-psa.ch\/fr\/#website"},"primaryImageOfPage":{"@id":"https:\/\/mail.schweizertierschutz.ch\/fr\/la-psa\/association\/comite-directeur\/#primaryimage"},"image":{"@id":"https:\/\/mail.schweizertierschutz.ch\/fr\/la-psa\/association\/comite-directeur\/#primaryimage"},"thumbnailUrl":"https:\/\/tierschutz.com\/app\/uploads\/2023\/11\/schweizer-tierschutz-sts-zentralvorstand.jpg","datePublished":"2023-05-04T13:30:08+00:00","dateModified":"2026-02-27T10:26:50+00:00","breadcrumb":{"@id":"https:\/\/mail.schweizertierschutz.ch\/fr\/la-psa\/association\/comite-directeur\/#breadcrumb"},"inLanguage":"fr-FR","potentialAction":[{"@type":"ReadAction","target":["https:\/\/mail.schweizertierschutz.ch\/fr\/la-psa\/association\/comite-directeur\/"]}]},{"@type":"ImageObject","inLanguage":"fr-FR","@id":"https:\/\/mail.schweizertierschutz.ch\/fr\/la-psa\/association\/comite-directeur\/#primaryimage","url":"https:\/\/tierschutz.com\/app\/uploads\/2023\/11\/schweizer-tierschutz-sts-zentralvorstand.jpg","contentUrl":"https:\/\/tierschutz.com\/app\/uploads\/2023\/11\/schweizer-tierschutz-sts-zentralvorstand.jpg"},{"@type":"BreadcrumbList","@id":"https:\/\/mail.schweizertierschutz.ch\/fr\/la-psa\/association\/comite-directeur\/#breadcrumb","itemListElement":[{"@type":"ListItem","position":1,"name":"Page d\u2019accueil","item":"https:\/\/mail.schweizer-tierschutz.ch\/fr\/"},{"@type":"ListItem","position":2,"name":"La PSA","item":"https:\/\/mail.swiss-animal-protection.ch\/fr\/la-psa\/"},{"@type":"ListItem","position":3,"name":"Association","item":"https:\/\/mail.swiss-animal-protection.ch\/fr\/la-psa\/association\/"},{"@type":"ListItem","position":4,"name":"Comit\u00e9 directeur"}]},{"@type":"WebSite","@id":"https:\/\/sts-psa.ch\/fr\/#website","url":"https:\/\/sts-psa.ch\/fr\/","name":"tierschutz.com","description":"Wir setzen uns f\u00fcr das Wohl der Tiere ein.","publisher":{"@id":"https:\/\/sts-psa.ch\/fr\/#organization"},"alternateName":"Schweizer Tierschutz STS","potentialAction":[{"@type":"SearchAction","target":{"@type":"EntryPoint","urlTemplate":"https:\/\/sts-psa.ch\/fr\/?s={search_term_string}"},"query-input":{"@type":"PropertyValueSpecification","valueRequired":true,"valueName":"search_term_string"}}],"inLanguage":"fr-FR"},{"@type":"Organization","@id":"https:\/\/sts-psa.ch\/fr\/#organization","name":"Schweizer Tierschutz STS","alternateName":"STS","url":"https:\/\/sts-psa.ch\/fr\/","logo":{"@type":"ImageObject","inLanguage":"fr-FR","@id":"https:\/\/sts-psa.ch\/fr\/#\/schema\/logo\/image\/","url":"https:\/\/mail.schweizertierschutz.ch\/app\/uploads\/2024\/04\/logo-schweizer-tierschutz-sts-1.svg","contentUrl":"https:\/\/mail.schweizertierschutz.ch\/app\/uploads\/2024\/04\/logo-schweizer-tierschutz-sts-1.svg","caption":"Schweizer Tierschutz STS"},"image":{"@id":"https:\/\/sts-psa.ch\/fr\/#\/schema\/logo\/image\/"},"sameAs":["https:\/\/www.facebook.com\/schweizertierschutz\/","https:\/\/www.instagram.com\/schweizertierschutzsts\/","https:\/\/www.youtube.com\/@STS_Tierschutz","https:\/\/www.linkedin.com\/company\/schweizertierschutzsts\/"],"description":"Der Schweizer Tierschutz STS ist der Dachverband von 71 Tierschutzorganisationen in allen Sprachregionen der Schweiz und in Liechtenstein. Seine Mitarbeitenden leisten wissenschaftlich fundierte Grundlagenarbeit, setzen sich mit Projekten und Aktionen f\u00fcr den Schutz und das Wohlbefinden von Heim-, Wild-, Nutz- und Versuchstieren ein und sensibilisieren die \u00d6ffentlichkeit f\u00fcr Tierschutzthemen.","email":"sts@tierschutz.com","telephone":"061 365 99 99","legalName":"Schweizer Tierschutz STS"}]}},"_links":{"self":[{"href":"https:\/\/mail.schweizertierschutz.ch\/fr\/wp-json\/wp\/v2\/pages\/4519","targetHints":{"allow":["GET"]}}],"collection":[{"href":"https:\/\/mail.schweizertierschutz.ch\/fr\/wp-json\/wp\/v2\/pages"}],"about":[{"href":"https:\/\/mail.schweizertierschutz.ch\/fr\/wp-json\/wp\/v2\/types\/page"}],"author":[{"embeddable":true,"href":"https:\/\/mail.schweizertierschutz.ch\/fr\/wp-json\/wp\/v2\/users\/5"}],"replies":[{"embeddable":true,"href":"https:\/\/mail.schweizertierschutz.ch\/fr\/wp-json\/wp\/v2\/comments?post=4519"}],"version-history":[{"count":29,"href":"https:\/\/mail.schweizertierschutz.ch\/fr\/wp-json\/wp\/v2\/pages\/4519\/revisions"}],"predecessor-version":[{"id":36595,"href":"https:\/\/mail.schweizertierschutz.ch\/fr\/wp-json\/wp\/v2\/pages\/4519\/revisions\/36595"}],"up":[{"embeddable":true,"href":"https:\/\/mail.schweizertierschutz.ch\/fr\/wp-json\/wp\/v2\/pages\/4507"}],"wp:attachment":[{"href":"https:\/\/mail.schweizertierschutz.ch\/fr\/wp-json\/wp\/v2\/media?parent=4519"}],"curies":[{"name":"wp","href":"https:\/\/api.w.org\/{rel}","templated":true}]}}