{"id":5052,"date":"2023-05-04T11:28:50","date_gmt":"2023-05-04T09:28:50","guid":{"rendered":"https:\/\/dev.tierschutz.com\/?page_id=5052"},"modified":"2023-06-29T16:05:26","modified_gmt":"2023-06-29T14:05:26","slug":"prudence-lors-de-lachat-danimaux-2","status":"publish","type":"page","link":"https:\/\/mail.schweizertierschutz.ch\/fr\/placement-danimaux\/prudence-lors-de-lachat-danimaux-2\/","title":{"rendered":"Prudence lors de l\u2019achat d\u2019animaux"},"content":{"rendered":"\n<div class=\"wp-block-cover alignfull\" style=\"min-height:100vh;aspect-ratio:unset;\"><span aria-hidden=\"true\" class=\"wp-block-cover__background has-background-dim-0 has-background-dim\"><\/span><img loading=\"lazy\" decoding=\"async\" width=\"2560\" height=\"1707\" class=\"wp-block-cover__image-background wp-image-5054\" alt=\"\" src=\"https:\/\/tierschutz.com\/app\/uploads\/2023\/06\/sts-vorsicht-beim-tierkauf-scaled.jpg\" data-object-fit=\"cover\" srcset=\"https:\/\/mail.schweizertierschutz.ch\/app\/uploads\/2023\/06\/sts-vorsicht-beim-tierkauf-scaled.jpg 2560w, https:\/\/mail.schweizertierschutz.ch\/app\/uploads\/2023\/06\/sts-vorsicht-beim-tierkauf-300x200.jpg 300w, https:\/\/mail.schweizertierschutz.ch\/app\/uploads\/2023\/06\/sts-vorsicht-beim-tierkauf-1024x683.jpg 1024w, https:\/\/mail.schweizertierschutz.ch\/app\/uploads\/2023\/06\/sts-vorsicht-beim-tierkauf-768x512.jpg 768w, https:\/\/mail.schweizertierschutz.ch\/app\/uploads\/2023\/06\/sts-vorsicht-beim-tierkauf-1536x1024.jpg 1536w, https:\/\/mail.schweizertierschutz.ch\/app\/uploads\/2023\/06\/sts-vorsicht-beim-tierkauf-2048x1365.jpg 2048w\" sizes=\"auto, (max-width: 2560px) 100vw, 2560px\" \/><div class=\"wp-block-cover__inner-container is-layout-flow wp-block-cover-is-layout-flow\">\n<h1 class=\"wp-block-heading has-text-align-center\"><strong><strong>Prudence lors de l\u2019achat d\u2019animaux<\/strong><\/strong><\/h1>\n<\/div><\/div>\n\n\n\n<div class=\"wp-block-group has-background-background-color has-background is-layout-constrained wp-block-group-is-layout-constrained\"><div class=\"yoast-breadcrumbs\"><span><span><a href=\"https:\/\/mail.swiss-animal-protection.ch\/fr\/\">Page d\u2019accueil<\/a><\/span> \u00bb <span><a href=\"https:\/\/tierschutz.com\/fr\/placement-danimaux\/\">Placement d\u2019animaux<\/a><\/span> \u00bb <span class=\"breadcrumb_last\" aria-current=\"page\">Prudence lors de l\u2019achat d\u2019animaux<\/span><\/span><\/div>\n\n\n<div class=\"wp-block-columns is-layout-flex wp-container-core-columns-is-layout-28f84493 wp-block-columns-is-layout-flex\">\n<div class=\"wp-block-column is-layout-flow wp-block-column-is-layout-flow\">\n<div class=\"wp-block-media-text alignwide is-stacked-on-mobile is-style-stacked-shadow no-inset\"><figure class=\"wp-block-media-text__media\"><img loading=\"lazy\" decoding=\"async\" width=\"1024\" height=\"686\" src=\"https:\/\/tierschutz.com\/app\/uploads\/2023\/06\/sts-welches-haustier-1024x686.jpg\" alt=\"\" class=\"wp-image-5057 size-full\" srcset=\"https:\/\/mail.schweizertierschutz.ch\/app\/uploads\/2023\/06\/sts-welches-haustier-1024x686.jpg 1024w, https:\/\/mail.schweizertierschutz.ch\/app\/uploads\/2023\/06\/sts-welches-haustier-300x201.jpg 300w, https:\/\/mail.schweizertierschutz.ch\/app\/uploads\/2023\/06\/sts-welches-haustier-768x515.jpg 768w, https:\/\/mail.schweizertierschutz.ch\/app\/uploads\/2023\/06\/sts-welches-haustier-1536x1030.jpg 1536w, https:\/\/mail.schweizertierschutz.ch\/app\/uploads\/2023\/06\/sts-welches-haustier-2048x1373.jpg 2048w\" sizes=\"auto, (max-width: 1024px) 100vw, 1024px\" \/><\/figure><div class=\"wp-block-media-text__content\">\n<h3 class=\"wp-block-heading\"><strong>Quel animal de compagnie?<\/strong><\/h3>\n\n\n\n<p>Un chien fid\u00e8le, un chat ind\u00e9pendant ou plut\u00f4t un oiseau d&#8217;ornement sociable ? Quel que soit l&#8217;animal choisi, l&#8217;achat doit \u00eatre m\u00fbrement r\u00e9fl\u00e9chi.<\/p>\n\n\n\n<div class=\"wp-block-buttons is-layout-flex wp-block-buttons-is-layout-flex\">\n<div class=\"wp-block-button\"><a class=\"wp-block-button__link wp-element-button\" href=\"https:\/\/tierschutz.com\/tiervermittlung\/vorsicht-beim-tierkauf\/welches-heimtier\/\">En savoir plus<\/a><\/div>\n<\/div>\n<\/div><\/div>\n<\/div>\n\n\n\n<div class=\"wp-block-column is-layout-flow wp-block-column-is-layout-flow\"><\/div>\n<\/div>\n<\/div>\n","protected":false},"excerpt":{"rendered":"<p>Quel animal de compagnie? Un chien fid\u00e8le, un chat ind\u00e9pendant ou plut\u00f4t un oiseau d&#8217;ornement sociable ? Quel que soit [&hellip;]<\/p>\n","protected":false},"author":5,"featured_media":0,"parent":5049,"menu_order":304,"comment_status":"closed","ping_status":"closed","template":"","meta":{"_acf_changed":false,"inline_featured_image":false,"_vp_format_video_url":"","_vp_image_focal_point":[],"footnotes":""},"class_list":["post-5052","page","type-page","status-publish","hentry"],"acf":[],"yoast_head":"<!-- This site is optimized with the Yoast SEO Premium plugin v27.4 (Yoast SEO v27.4) - https:\/\/yoast.com\/product\/yoast-seo-premium-wordpress\/ -->\n<title>Prudence lors de l\u2019achat d\u2019animaux - Protection Suisse des Animaux PSA<\/title>\n<meta name=\"robots\" content=\"index, follow, max-snippet:-1, max-image-preview:large, max-video-preview:-1\" \/>\n<link rel=\"canonical\" href=\"https:\/\/mail.schweizertierschutz.ch\/fr\/placement-danimaux\/prudence-lors-de-lachat-danimaux-2\/\" \/>\n<meta property=\"og:locale\" content=\"fr_FR\" \/>\n<meta property=\"og:type\" content=\"article\" \/>\n<meta property=\"og:title\" content=\"Prudence lors de l\u2019achat d\u2019animaux\" \/>\n<meta property=\"og:description\" content=\"Quel animal de compagnie? Un chien fid\u00e8le, un chat ind\u00e9pendant ou plut\u00f4t un oiseau d&#8217;ornement sociable ? Quel que soit [&hellip;]\" \/>\n<meta property=\"og:url\" content=\"https:\/\/mail.schweizertierschutz.ch\/fr\/placement-danimaux\/prudence-lors-de-lachat-danimaux-2\/\" \/>\n<meta property=\"og:site_name\" content=\"Protection Suisse des Animaux PSA\" \/>\n<meta property=\"article:publisher\" content=\"https:\/\/www.facebook.com\/schweizertierschutz\/\" \/>\n<meta property=\"article:modified_time\" content=\"2023-06-29T14:05:26+00:00\" \/>\n<meta property=\"og:image\" content=\"https:\/\/tierschutz.com\/app\/uploads\/2023\/06\/sts-vorsicht-beim-tierkauf-scaled.jpg\" \/>\n<meta name=\"twitter:card\" content=\"summary_large_image\" \/>\n<script type=\"application\/ld+json\" class=\"yoast-schema-graph\">{\"@context\":\"https:\\\/\\\/schema.org\",\"@graph\":[{\"@type\":\"WebPage\",\"@id\":\"https:\\\/\\\/mail.schweizertierschutz.ch\\\/fr\\\/placement-danimaux\\\/prudence-lors-de-lachat-danimaux-2\\\/\",\"url\":\"https:\\\/\\\/mail.schweizertierschutz.ch\\\/fr\\\/placement-danimaux\\\/prudence-lors-de-lachat-danimaux-2\\\/\",\"name\":\"Prudence lors de l\u2019achat d\u2019animaux - Protection Suisse des Animaux PSA\",\"isPartOf\":{\"@id\":\"https:\\\/\\\/tierschutz.com\\\/it\\\/#website\"},\"primaryImageOfPage\":{\"@id\":\"https:\\\/\\\/mail.schweizertierschutz.ch\\\/fr\\\/placement-danimaux\\\/prudence-lors-de-lachat-danimaux-2\\\/#primaryimage\"},\"image\":{\"@id\":\"https:\\\/\\\/mail.schweizertierschutz.ch\\\/fr\\\/placement-danimaux\\\/prudence-lors-de-lachat-danimaux-2\\\/#primaryimage\"},\"thumbnailUrl\":\"https:\\\/\\\/tierschutz.com\\\/app\\\/uploads\\\/2023\\\/06\\\/sts-vorsicht-beim-tierkauf-scaled.jpg\",\"datePublished\":\"2023-05-04T09:28:50+00:00\",\"dateModified\":\"2023-06-29T14:05:26+00:00\",\"breadcrumb\":{\"@id\":\"https:\\\/\\\/mail.schweizertierschutz.ch\\\/fr\\\/placement-danimaux\\\/prudence-lors-de-lachat-danimaux-2\\\/#breadcrumb\"},\"inLanguage\":\"fr-FR\",\"potentialAction\":[{\"@type\":\"ReadAction\",\"target\":[\"https:\\\/\\\/mail.schweizertierschutz.ch\\\/fr\\\/placement-danimaux\\\/prudence-lors-de-lachat-danimaux-2\\\/\"]}]},{\"@type\":\"ImageObject\",\"inLanguage\":\"fr-FR\",\"@id\":\"https:\\\/\\\/mail.schweizertierschutz.ch\\\/fr\\\/placement-danimaux\\\/prudence-lors-de-lachat-danimaux-2\\\/#primaryimage\",\"url\":\"https:\\\/\\\/tierschutz.com\\\/app\\\/uploads\\\/2023\\\/06\\\/sts-vorsicht-beim-tierkauf-scaled.jpg\",\"contentUrl\":\"https:\\\/\\\/tierschutz.com\\\/app\\\/uploads\\\/2023\\\/06\\\/sts-vorsicht-beim-tierkauf-scaled.jpg\"},{\"@type\":\"BreadcrumbList\",\"@id\":\"https:\\\/\\\/mail.schweizertierschutz.ch\\\/fr\\\/placement-danimaux\\\/prudence-lors-de-lachat-danimaux-2\\\/#breadcrumb\",\"itemListElement\":[{\"@type\":\"ListItem\",\"position\":1,\"name\":\"Page d\u2019accueil\",\"item\":\"https:\\\/\\\/mail.swiss-animal-protection.ch\\\/fr\\\/\"},{\"@type\":\"ListItem\",\"position\":2,\"name\":\"Placement d\u2019animaux\",\"item\":\"https:\\\/\\\/tierschutz.com\\\/fr\\\/placement-danimaux\\\/\"},{\"@type\":\"ListItem\",\"position\":3,\"name\":\"Prudence lors de l\u2019achat d\u2019animaux\"}]},{\"@type\":\"WebSite\",\"@id\":\"https:\\\/\\\/tierschutz.com\\\/it\\\/#website\",\"url\":\"https:\\\/\\\/tierschutz.com\\\/it\\\/\",\"name\":\"tierschutz.com\",\"description\":\"Wir setzen uns f\u00fcr das Wohl der Tiere ein.\",\"publisher\":{\"@id\":\"https:\\\/\\\/tierschutz.com\\\/it\\\/#organization\"},\"alternateName\":\"Schweizer Tierschutz STS\",\"potentialAction\":[{\"@type\":\"SearchAction\",\"target\":{\"@type\":\"EntryPoint\",\"urlTemplate\":\"https:\\\/\\\/tierschutz.com\\\/it\\\/?s={search_term_string}\"},\"query-input\":{\"@type\":\"PropertyValueSpecification\",\"valueRequired\":true,\"valueName\":\"search_term_string\"}}],\"inLanguage\":\"fr-FR\"},{\"@type\":\"Organization\",\"@id\":\"https:\\\/\\\/tierschutz.com\\\/it\\\/#organization\",\"name\":\"Schweizer Tierschutz STS\",\"alternateName\":\"STS\",\"url\":\"https:\\\/\\\/tierschutz.com\\\/it\\\/\",\"logo\":{\"@type\":\"ImageObject\",\"inLanguage\":\"fr-FR\",\"@id\":\"https:\\\/\\\/tierschutz.com\\\/it\\\/#\\\/schema\\\/logo\\\/image\\\/\",\"url\":\"https:\\\/\\\/mail.schweizertierschutz.ch\\\/app\\\/uploads\\\/2024\\\/04\\\/logo-schweizer-tierschutz-sts-1.svg\",\"contentUrl\":\"https:\\\/\\\/mail.schweizertierschutz.ch\\\/app\\\/uploads\\\/2024\\\/04\\\/logo-schweizer-tierschutz-sts-1.svg\",\"caption\":\"Schweizer Tierschutz STS\"},\"image\":{\"@id\":\"https:\\\/\\\/tierschutz.com\\\/it\\\/#\\\/schema\\\/logo\\\/image\\\/\"},\"sameAs\":[\"https:\\\/\\\/www.facebook.com\\\/schweizertierschutz\\\/\",\"https:\\\/\\\/www.instagram.com\\\/schweizertierschutzsts\\\/\",\"https:\\\/\\\/www.youtube.com\\\/@STS_Tierschutz\",\"https:\\\/\\\/www.linkedin.com\\\/company\\\/schweizertierschutzsts\\\/\"],\"description\":\"Der Schweizer Tierschutz STS ist der Dachverband von 71 Tierschutzorganisationen in allen Sprachregionen der Schweiz und in Liechtenstein. Seine Mitarbeitenden leisten wissenschaftlich fundierte Grundlagenarbeit, setzen sich mit Projekten und Aktionen f\u00fcr den Schutz und das Wohlbefinden von Heim-, Wild-, Nutz- und Versuchstieren ein und sensibilisieren die \u00d6ffentlichkeit f\u00fcr Tierschutzthemen.\",\"email\":\"sts@tierschutz.com\",\"telephone\":\"061 365 99 99\",\"legalName\":\"Schweizer Tierschutz STS\"}]}<\/script>\n<!-- \/ Yoast SEO Premium plugin. -->","yoast_head_json":{"title":"Prudence lors de l\u2019achat d\u2019animaux - Protection Suisse des Animaux PSA","robots":{"index":"index","follow":"follow","max-snippet":"max-snippet:-1","max-image-preview":"max-image-preview:large","max-video-preview":"max-video-preview:-1"},"canonical":"https:\/\/mail.schweizertierschutz.ch\/fr\/placement-danimaux\/prudence-lors-de-lachat-danimaux-2\/","og_locale":"fr_FR","og_type":"article","og_title":"Prudence lors de l\u2019achat d\u2019animaux","og_description":"Quel animal de compagnie? Un chien fid\u00e8le, un chat ind\u00e9pendant ou plut\u00f4t un oiseau d&#8217;ornement sociable ? Quel que soit [&hellip;]","og_url":"https:\/\/mail.schweizertierschutz.ch\/fr\/placement-danimaux\/prudence-lors-de-lachat-danimaux-2\/","og_site_name":"Protection Suisse des Animaux PSA","article_publisher":"https:\/\/www.facebook.com\/schweizertierschutz\/","article_modified_time":"2023-06-29T14:05:26+00:00","og_image":[{"url":"https:\/\/tierschutz.com\/app\/uploads\/2023\/06\/sts-vorsicht-beim-tierkauf-scaled.jpg","type":"","width":"","height":""}],"twitter_card":"summary_large_image","schema":{"@context":"https:\/\/schema.org","@graph":[{"@type":"WebPage","@id":"https:\/\/mail.schweizertierschutz.ch\/fr\/placement-danimaux\/prudence-lors-de-lachat-danimaux-2\/","url":"https:\/\/mail.schweizertierschutz.ch\/fr\/placement-danimaux\/prudence-lors-de-lachat-danimaux-2\/","name":"Prudence lors de l\u2019achat d\u2019animaux - Protection Suisse des Animaux PSA","isPartOf":{"@id":"https:\/\/tierschutz.com\/it\/#website"},"primaryImageOfPage":{"@id":"https:\/\/mail.schweizertierschutz.ch\/fr\/placement-danimaux\/prudence-lors-de-lachat-danimaux-2\/#primaryimage"},"image":{"@id":"https:\/\/mail.schweizertierschutz.ch\/fr\/placement-danimaux\/prudence-lors-de-lachat-danimaux-2\/#primaryimage"},"thumbnailUrl":"https:\/\/tierschutz.com\/app\/uploads\/2023\/06\/sts-vorsicht-beim-tierkauf-scaled.jpg","datePublished":"2023-05-04T09:28:50+00:00","dateModified":"2023-06-29T14:05:26+00:00","breadcrumb":{"@id":"https:\/\/mail.schweizertierschutz.ch\/fr\/placement-danimaux\/prudence-lors-de-lachat-danimaux-2\/#breadcrumb"},"inLanguage":"fr-FR","potentialAction":[{"@type":"ReadAction","target":["https:\/\/mail.schweizertierschutz.ch\/fr\/placement-danimaux\/prudence-lors-de-lachat-danimaux-2\/"]}]},{"@type":"ImageObject","inLanguage":"fr-FR","@id":"https:\/\/mail.schweizertierschutz.ch\/fr\/placement-danimaux\/prudence-lors-de-lachat-danimaux-2\/#primaryimage","url":"https:\/\/tierschutz.com\/app\/uploads\/2023\/06\/sts-vorsicht-beim-tierkauf-scaled.jpg","contentUrl":"https:\/\/tierschutz.com\/app\/uploads\/2023\/06\/sts-vorsicht-beim-tierkauf-scaled.jpg"},{"@type":"BreadcrumbList","@id":"https:\/\/mail.schweizertierschutz.ch\/fr\/placement-danimaux\/prudence-lors-de-lachat-danimaux-2\/#breadcrumb","itemListElement":[{"@type":"ListItem","position":1,"name":"Page d\u2019accueil","item":"https:\/\/mail.swiss-animal-protection.ch\/fr\/"},{"@type":"ListItem","position":2,"name":"Placement d\u2019animaux","item":"https:\/\/tierschutz.com\/fr\/placement-danimaux\/"},{"@type":"ListItem","position":3,"name":"Prudence lors de l\u2019achat d\u2019animaux"}]},{"@type":"WebSite","@id":"https:\/\/tierschutz.com\/it\/#website","url":"https:\/\/tierschutz.com\/it\/","name":"tierschutz.com","description":"Wir setzen uns f\u00fcr das Wohl der Tiere ein.","publisher":{"@id":"https:\/\/tierschutz.com\/it\/#organization"},"alternateName":"Schweizer Tierschutz STS","potentialAction":[{"@type":"SearchAction","target":{"@type":"EntryPoint","urlTemplate":"https:\/\/tierschutz.com\/it\/?s={search_term_string}"},"query-input":{"@type":"PropertyValueSpecification","valueRequired":true,"valueName":"search_term_string"}}],"inLanguage":"fr-FR"},{"@type":"Organization","@id":"https:\/\/tierschutz.com\/it\/#organization","name":"Schweizer Tierschutz STS","alternateName":"STS","url":"https:\/\/tierschutz.com\/it\/","logo":{"@type":"ImageObject","inLanguage":"fr-FR","@id":"https:\/\/tierschutz.com\/it\/#\/schema\/logo\/image\/","url":"https:\/\/mail.schweizertierschutz.ch\/app\/uploads\/2024\/04\/logo-schweizer-tierschutz-sts-1.svg","contentUrl":"https:\/\/mail.schweizertierschutz.ch\/app\/uploads\/2024\/04\/logo-schweizer-tierschutz-sts-1.svg","caption":"Schweizer Tierschutz STS"},"image":{"@id":"https:\/\/tierschutz.com\/it\/#\/schema\/logo\/image\/"},"sameAs":["https:\/\/www.facebook.com\/schweizertierschutz\/","https:\/\/www.instagram.com\/schweizertierschutzsts\/","https:\/\/www.youtube.com\/@STS_Tierschutz","https:\/\/www.linkedin.com\/company\/schweizertierschutzsts\/"],"description":"Der Schweizer Tierschutz STS ist der Dachverband von 71 Tierschutzorganisationen in allen Sprachregionen der Schweiz und in Liechtenstein. Seine Mitarbeitenden leisten wissenschaftlich fundierte Grundlagenarbeit, setzen sich mit Projekten und Aktionen f\u00fcr den Schutz und das Wohlbefinden von Heim-, Wild-, Nutz- und Versuchstieren ein und sensibilisieren die \u00d6ffentlichkeit f\u00fcr Tierschutzthemen.","email":"sts@tierschutz.com","telephone":"061 365 99 99","legalName":"Schweizer Tierschutz STS"}]}},"_links":{"self":[{"href":"https:\/\/mail.schweizertierschutz.ch\/fr\/wp-json\/wp\/v2\/pages\/5052","targetHints":{"allow":["GET"]}}],"collection":[{"href":"https:\/\/mail.schweizertierschutz.ch\/fr\/wp-json\/wp\/v2\/pages"}],"about":[{"href":"https:\/\/mail.schweizertierschutz.ch\/fr\/wp-json\/wp\/v2\/types\/page"}],"author":[{"embeddable":true,"href":"https:\/\/mail.schweizertierschutz.ch\/fr\/wp-json\/wp\/v2\/users\/5"}],"replies":[{"embeddable":true,"href":"https:\/\/mail.schweizertierschutz.ch\/fr\/wp-json\/wp\/v2\/comments?post=5052"}],"version-history":[{"count":3,"href":"https:\/\/mail.schweizertierschutz.ch\/fr\/wp-json\/wp\/v2\/pages\/5052\/revisions"}],"predecessor-version":[{"id":7360,"href":"https:\/\/mail.schweizertierschutz.ch\/fr\/wp-json\/wp\/v2\/pages\/5052\/revisions\/7360"}],"up":[{"embeddable":true,"href":"https:\/\/mail.schweizertierschutz.ch\/fr\/wp-json\/wp\/v2\/pages\/5049"}],"wp:attachment":[{"href":"https:\/\/mail.schweizertierschutz.ch\/fr\/wp-json\/wp\/v2\/media?parent=5052"}],"curies":[{"name":"wp","href":"https:\/\/api.w.org\/{rel}","templated":true}]}}