{"id":7024,"date":"2023-05-04T11:24:40","date_gmt":"2023-05-04T09:24:40","guid":{"rendered":"https:\/\/dev.tierschutz.com\/?page_id=7024"},"modified":"2025-09-29T12:27:31","modified_gmt":"2025-09-29T10:27:31","slug":"mediazione-di-animali","status":"publish","type":"page","link":"https:\/\/mail.schweizertierschutz.ch\/it\/mediazione-di-animali\/","title":{"rendered":"Mediazione di animali"},"content":{"rendered":"\n<div class=\"wp-block-cover alignfull\" style=\"min-height:100vh;aspect-ratio:unset;\"><img loading=\"lazy\" decoding=\"async\" width=\"2560\" height=\"1696\" class=\"wp-block-cover__image-background wp-image-5265\" alt=\"\" src=\"https:\/\/tierschutz.com\/app\/uploads\/2023\/06\/sts-tiervermittlung-1-scaled.jpg\" style=\"object-position:46% 58%\" data-object-fit=\"cover\" data-object-position=\"46% 58%\" srcset=\"https:\/\/mail.schweizertierschutz.ch\/app\/uploads\/2023\/06\/sts-tiervermittlung-1-scaled.jpg 2560w, https:\/\/mail.schweizertierschutz.ch\/app\/uploads\/2023\/06\/sts-tiervermittlung-1-300x199.jpg 300w, https:\/\/mail.schweizertierschutz.ch\/app\/uploads\/2023\/06\/sts-tiervermittlung-1-1024x678.jpg 1024w, https:\/\/mail.schweizertierschutz.ch\/app\/uploads\/2023\/06\/sts-tiervermittlung-1-768x509.jpg 768w, https:\/\/mail.schweizertierschutz.ch\/app\/uploads\/2023\/06\/sts-tiervermittlung-1-1536x1018.jpg 1536w, https:\/\/mail.schweizertierschutz.ch\/app\/uploads\/2023\/06\/sts-tiervermittlung-1-2048x1357.jpg 2048w\" sizes=\"auto, (max-width: 2560px) 100vw, 2560px\" \/><span aria-hidden=\"true\" class=\"wp-block-cover__background has-background-dim-20 has-background-dim\"><\/span><div class=\"wp-block-cover__inner-container is-layout-flow wp-block-cover-is-layout-flow\">\n<h1 class=\"wp-block-heading has-text-align-center has-background-color has-text-color\" id=\"h-mediazione-di-animali\"><strong><strong><strong>Mediazione di animali<\/strong><\/strong><\/strong><\/h1>\n<\/div><\/div>\n\n\n\n<div class=\"wp-block-group has-background-background-color has-background is-layout-constrained wp-block-group-is-layout-constrained\"><div class=\"yoast-breadcrumbs\"><span><span><a href=\"https:\/\/mail.swiss-animal-protection.ch\/it\/\">Pagina iniziale<\/a><\/span> \u00bb <span class=\"breadcrumb_last\" aria-current=\"page\">Mediazione di animali<\/span><\/span><\/div>\n\n\n<div class=\"wp-block-columns is-layout-flex wp-container-core-columns-is-layout-28f84493 wp-block-columns-is-layout-flex\">\n<div class=\"wp-block-column is-layout-flow wp-block-column-is-layout-flow\">\n<div class=\"wp-block-media-text alignwide is-stacked-on-mobile is-style-stacked-shadow no-inset\"><figure class=\"wp-block-media-text__media\"><img loading=\"lazy\" decoding=\"async\" width=\"1024\" height=\"658\" src=\"https:\/\/tierschutz.com\/app\/uploads\/2023\/05\/STS-Tiervermittlung-kauf-1024x658.jpg\" alt=\"\" class=\"wp-image-1835 size-full\" srcset=\"https:\/\/mail.schweizertierschutz.ch\/app\/uploads\/2023\/05\/STS-Tiervermittlung-kauf-1024x658.jpg 1024w, https:\/\/mail.schweizertierschutz.ch\/app\/uploads\/2023\/05\/STS-Tiervermittlung-kauf-300x193.jpg 300w, https:\/\/mail.schweizertierschutz.ch\/app\/uploads\/2023\/05\/STS-Tiervermittlung-kauf-768x494.jpg 768w, https:\/\/mail.schweizertierschutz.ch\/app\/uploads\/2023\/05\/STS-Tiervermittlung-kauf.jpg 1416w\" sizes=\"auto, (max-width: 1024px) 100vw, 1024px\" \/><\/figure><div class=\"wp-block-media-text__content\">\n<h3 class=\"wp-block-heading\" id=\"h-collocazione-e-adozione-di-animali\"><strong>Collocazione e adozione di animali<\/strong><\/h3>\n\n\n\n<p>L&#8217;acquisto o l&#8217;affido di un animale deve essere ben ponderato. Per garantire che tutto fili liscio e che gli acquirenti siano ben informati, abbiamo riassunto qui le informazioni pi\u00f9 importanti.<\/p>\n\n\n\n<div class=\"wp-block-buttons is-layout-flex wp-block-buttons-is-layout-flex\">\n<div class=\"wp-block-button\"><a class=\"wp-block-button__link wp-element-button\" href=\"https:\/\/tierschutz.com\/it\/mediazione-di-animali\/mediazione-e-acquisto-di-animali\/\">Per saperne di pi\u00f9<\/a><\/div>\n<\/div>\n<\/div><\/div>\n<\/div>\n\n\n\n<div class=\"wp-block-column is-layout-flow wp-block-column-is-layout-flow\">\n<div class=\"wp-block-media-text alignwide is-stacked-on-mobile is-style-stacked-shadow no-inset\"><figure class=\"wp-block-media-text__media\"><img loading=\"lazy\" decoding=\"async\" width=\"1024\" height=\"683\" src=\"https:\/\/tierschutz.com\/app\/uploads\/2025\/09\/Max-092-1k-1024x683.jpg\" alt=\"\" class=\"wp-image-33654 size-full\" srcset=\"https:\/\/mail.schweizertierschutz.ch\/app\/uploads\/2025\/09\/Max-092-1k-1024x683.jpg 1024w, https:\/\/mail.schweizertierschutz.ch\/app\/uploads\/2025\/09\/Max-092-1k-300x200.jpg 300w, https:\/\/mail.schweizertierschutz.ch\/app\/uploads\/2025\/09\/Max-092-1k-768x512.jpg 768w, https:\/\/mail.schweizertierschutz.ch\/app\/uploads\/2025\/09\/Max-092-1k-1536x1024.jpg 1536w, https:\/\/mail.schweizertierschutz.ch\/app\/uploads\/2025\/09\/Max-092-1k-2048x1365.jpg 2048w\" sizes=\"auto, (max-width: 1024px) 100vw, 1024px\" \/><\/figure><div class=\"wp-block-media-text__content\">\n<h3 class=\"wp-block-heading\" id=\"h-ritrovamento-di-animali\"><strong>Ritrovamento di animali<\/strong><\/h3>\n\n\n\n<p>Mantenere un animale comporta tempo e spese. Nel caso in cui non siate pi\u00f9 in grado di soddisfare queste esigenze, vale la pena di prendere in considerazione la possibilit\u00e0 di rinunciare all&#8217;animale in questione.<\/p>\n\n\n\n<div class=\"wp-block-buttons is-layout-flex wp-block-buttons-is-layout-flex\">\n<div class=\"wp-block-button\"><a class=\"wp-block-button__link wp-element-button\" href=\"https:\/\/tierschutz.com\/it\/mediazione-di-animali\/cedere-un-animale\/\">Per saperne di pi\u00f9<\/a><\/div>\n<\/div>\n<\/div><\/div>\n<\/div>\n<\/div>\n\n\n\n<div class=\"wp-block-columns is-layout-flex wp-container-core-columns-is-layout-28f84493 wp-block-columns-is-layout-flex\">\n<div class=\"wp-block-column is-layout-flow wp-block-column-is-layout-flow\"><\/div>\n\n\n\n<div class=\"wp-block-column is-layout-flow wp-block-column-is-layout-flow\"><\/div>\n<\/div>\n<\/div>\n","protected":false},"excerpt":{"rendered":"<p>Collocazione e adozione di animali L&#8217;acquisto o l&#8217;affido di un animale deve essere ben ponderato. Per garantire che tutto fili [&hellip;]<\/p>\n","protected":false},"author":5,"featured_media":0,"parent":0,"menu_order":153,"comment_status":"closed","ping_status":"closed","template":"","meta":{"_acf_changed":false,"inline_featured_image":false,"_vp_format_video_url":"","_vp_image_focal_point":[],"footnotes":""},"class_list":["post-7024","page","type-page","status-publish","hentry"],"acf":[],"yoast_head":"<!-- This site is optimized with the Yoast SEO Premium plugin v27.4 (Yoast SEO v27.4) - https:\/\/yoast.com\/product\/yoast-seo-premium-wordpress\/ -->\n<title>Mediazione di animali - Protezione Svizzera degli Animali PSA<\/title>\n<meta name=\"robots\" content=\"index, follow, max-snippet:-1, max-image-preview:large, max-video-preview:-1\" \/>\n<link rel=\"canonical\" href=\"https:\/\/mail.schweizertierschutz.ch\/it\/mediazione-di-animali\/\" \/>\n<meta property=\"og:locale\" content=\"it_IT\" \/>\n<meta property=\"og:type\" content=\"article\" \/>\n<meta property=\"og:title\" content=\"Mediazione di animali\" \/>\n<meta property=\"og:description\" content=\"Collocazione e adozione di animali L&#8217;acquisto o l&#8217;affido di un animale deve essere ben ponderato. Per garantire che tutto fili [&hellip;]\" \/>\n<meta property=\"og:url\" content=\"https:\/\/mail.schweizertierschutz.ch\/it\/mediazione-di-animali\/\" \/>\n<meta property=\"og:site_name\" content=\"Protezione Svizzera degli Animali PSA\" \/>\n<meta property=\"article:publisher\" content=\"https:\/\/www.facebook.com\/schweizertierschutz\/\" \/>\n<meta property=\"article:modified_time\" content=\"2025-09-29T10:27:31+00:00\" \/>\n<meta property=\"og:image\" content=\"https:\/\/tierschutz.com\/app\/uploads\/2023\/06\/sts-tiervermittlung-1-scaled.jpg\" \/>\n<meta name=\"twitter:card\" content=\"summary_large_image\" \/>\n<meta name=\"twitter:label1\" content=\"Tempo di lettura stimato\" \/>\n\t<meta name=\"twitter:data1\" content=\"2 minuti\" \/>\n<script type=\"application\/ld+json\" class=\"yoast-schema-graph\">{\"@context\":\"https:\\\/\\\/schema.org\",\"@graph\":[{\"@type\":\"WebPage\",\"@id\":\"https:\\\/\\\/mail.schweizertierschutz.ch\\\/it\\\/mediazione-di-animali\\\/\",\"url\":\"https:\\\/\\\/mail.schweizertierschutz.ch\\\/it\\\/mediazione-di-animali\\\/\",\"name\":\"Mediazione di animali - Protezione Svizzera degli Animali PSA\",\"isPartOf\":{\"@id\":\"https:\\\/\\\/sts-psa.ch\\\/fr\\\/#website\"},\"primaryImageOfPage\":{\"@id\":\"https:\\\/\\\/mail.schweizertierschutz.ch\\\/it\\\/mediazione-di-animali\\\/#primaryimage\"},\"image\":{\"@id\":\"https:\\\/\\\/mail.schweizertierschutz.ch\\\/it\\\/mediazione-di-animali\\\/#primaryimage\"},\"thumbnailUrl\":\"https:\\\/\\\/tierschutz.com\\\/app\\\/uploads\\\/2023\\\/06\\\/sts-tiervermittlung-1-scaled.jpg\",\"datePublished\":\"2023-05-04T09:24:40+00:00\",\"dateModified\":\"2025-09-29T10:27:31+00:00\",\"breadcrumb\":{\"@id\":\"https:\\\/\\\/mail.schweizertierschutz.ch\\\/it\\\/mediazione-di-animali\\\/#breadcrumb\"},\"inLanguage\":\"it-IT\",\"potentialAction\":[{\"@type\":\"ReadAction\",\"target\":[\"https:\\\/\\\/mail.schweizertierschutz.ch\\\/it\\\/mediazione-di-animali\\\/\"]}]},{\"@type\":\"ImageObject\",\"inLanguage\":\"it-IT\",\"@id\":\"https:\\\/\\\/mail.schweizertierschutz.ch\\\/it\\\/mediazione-di-animali\\\/#primaryimage\",\"url\":\"https:\\\/\\\/tierschutz.com\\\/app\\\/uploads\\\/2023\\\/06\\\/sts-tiervermittlung-1-scaled.jpg\",\"contentUrl\":\"https:\\\/\\\/tierschutz.com\\\/app\\\/uploads\\\/2023\\\/06\\\/sts-tiervermittlung-1-scaled.jpg\"},{\"@type\":\"BreadcrumbList\",\"@id\":\"https:\\\/\\\/mail.schweizertierschutz.ch\\\/it\\\/mediazione-di-animali\\\/#breadcrumb\",\"itemListElement\":[{\"@type\":\"ListItem\",\"position\":1,\"name\":\"Pagina iniziale\",\"item\":\"https:\\\/\\\/mail.swiss-animal-protection.ch\\\/it\\\/\"},{\"@type\":\"ListItem\",\"position\":2,\"name\":\"Mediazione di animali\"}]},{\"@type\":\"WebSite\",\"@id\":\"https:\\\/\\\/sts-psa.ch\\\/fr\\\/#website\",\"url\":\"https:\\\/\\\/sts-psa.ch\\\/fr\\\/\",\"name\":\"tierschutz.com\",\"description\":\"Wir setzen uns f\u00fcr das Wohl der Tiere ein.\",\"publisher\":{\"@id\":\"https:\\\/\\\/sts-psa.ch\\\/fr\\\/#organization\"},\"alternateName\":\"Schweizer Tierschutz STS\",\"potentialAction\":[{\"@type\":\"SearchAction\",\"target\":{\"@type\":\"EntryPoint\",\"urlTemplate\":\"https:\\\/\\\/sts-psa.ch\\\/fr\\\/?s={search_term_string}\"},\"query-input\":{\"@type\":\"PropertyValueSpecification\",\"valueRequired\":true,\"valueName\":\"search_term_string\"}}],\"inLanguage\":\"it-IT\"},{\"@type\":\"Organization\",\"@id\":\"https:\\\/\\\/sts-psa.ch\\\/fr\\\/#organization\",\"name\":\"Schweizer Tierschutz STS\",\"alternateName\":\"STS\",\"url\":\"https:\\\/\\\/sts-psa.ch\\\/fr\\\/\",\"logo\":{\"@type\":\"ImageObject\",\"inLanguage\":\"it-IT\",\"@id\":\"https:\\\/\\\/sts-psa.ch\\\/fr\\\/#\\\/schema\\\/logo\\\/image\\\/\",\"url\":\"https:\\\/\\\/mail.schweizertierschutz.ch\\\/app\\\/uploads\\\/2024\\\/04\\\/logo-schweizer-tierschutz-sts-1.svg\",\"contentUrl\":\"https:\\\/\\\/mail.schweizertierschutz.ch\\\/app\\\/uploads\\\/2024\\\/04\\\/logo-schweizer-tierschutz-sts-1.svg\",\"caption\":\"Schweizer Tierschutz STS\"},\"image\":{\"@id\":\"https:\\\/\\\/sts-psa.ch\\\/fr\\\/#\\\/schema\\\/logo\\\/image\\\/\"},\"sameAs\":[\"https:\\\/\\\/www.facebook.com\\\/schweizertierschutz\\\/\",\"https:\\\/\\\/www.instagram.com\\\/schweizertierschutzsts\\\/\",\"https:\\\/\\\/www.youtube.com\\\/@STS_Tierschutz\",\"https:\\\/\\\/www.linkedin.com\\\/company\\\/schweizertierschutzsts\\\/\"],\"description\":\"Der Schweizer Tierschutz STS ist der Dachverband von 71 Tierschutzorganisationen in allen Sprachregionen der Schweiz und in Liechtenstein. Seine Mitarbeitenden leisten wissenschaftlich fundierte Grundlagenarbeit, setzen sich mit Projekten und Aktionen f\u00fcr den Schutz und das Wohlbefinden von Heim-, Wild-, Nutz- und Versuchstieren ein und sensibilisieren die \u00d6ffentlichkeit f\u00fcr Tierschutzthemen.\",\"email\":\"sts@tierschutz.com\",\"telephone\":\"061 365 99 99\",\"legalName\":\"Schweizer Tierschutz STS\"}]}<\/script>\n<!-- \/ Yoast SEO Premium plugin. -->","yoast_head_json":{"title":"Mediazione di animali - Protezione Svizzera degli Animali PSA","robots":{"index":"index","follow":"follow","max-snippet":"max-snippet:-1","max-image-preview":"max-image-preview:large","max-video-preview":"max-video-preview:-1"},"canonical":"https:\/\/mail.schweizertierschutz.ch\/it\/mediazione-di-animali\/","og_locale":"it_IT","og_type":"article","og_title":"Mediazione di animali","og_description":"Collocazione e adozione di animali L&#8217;acquisto o l&#8217;affido di un animale deve essere ben ponderato. Per garantire che tutto fili [&hellip;]","og_url":"https:\/\/mail.schweizertierschutz.ch\/it\/mediazione-di-animali\/","og_site_name":"Protezione Svizzera degli Animali PSA","article_publisher":"https:\/\/www.facebook.com\/schweizertierschutz\/","article_modified_time":"2025-09-29T10:27:31+00:00","og_image":[{"url":"https:\/\/tierschutz.com\/app\/uploads\/2023\/06\/sts-tiervermittlung-1-scaled.jpg","type":"","width":"","height":""}],"twitter_card":"summary_large_image","twitter_misc":{"Tempo di lettura stimato":"2 minuti"},"schema":{"@context":"https:\/\/schema.org","@graph":[{"@type":"WebPage","@id":"https:\/\/mail.schweizertierschutz.ch\/it\/mediazione-di-animali\/","url":"https:\/\/mail.schweizertierschutz.ch\/it\/mediazione-di-animali\/","name":"Mediazione di animali - Protezione Svizzera degli Animali PSA","isPartOf":{"@id":"https:\/\/sts-psa.ch\/fr\/#website"},"primaryImageOfPage":{"@id":"https:\/\/mail.schweizertierschutz.ch\/it\/mediazione-di-animali\/#primaryimage"},"image":{"@id":"https:\/\/mail.schweizertierschutz.ch\/it\/mediazione-di-animali\/#primaryimage"},"thumbnailUrl":"https:\/\/tierschutz.com\/app\/uploads\/2023\/06\/sts-tiervermittlung-1-scaled.jpg","datePublished":"2023-05-04T09:24:40+00:00","dateModified":"2025-09-29T10:27:31+00:00","breadcrumb":{"@id":"https:\/\/mail.schweizertierschutz.ch\/it\/mediazione-di-animali\/#breadcrumb"},"inLanguage":"it-IT","potentialAction":[{"@type":"ReadAction","target":["https:\/\/mail.schweizertierschutz.ch\/it\/mediazione-di-animali\/"]}]},{"@type":"ImageObject","inLanguage":"it-IT","@id":"https:\/\/mail.schweizertierschutz.ch\/it\/mediazione-di-animali\/#primaryimage","url":"https:\/\/tierschutz.com\/app\/uploads\/2023\/06\/sts-tiervermittlung-1-scaled.jpg","contentUrl":"https:\/\/tierschutz.com\/app\/uploads\/2023\/06\/sts-tiervermittlung-1-scaled.jpg"},{"@type":"BreadcrumbList","@id":"https:\/\/mail.schweizertierschutz.ch\/it\/mediazione-di-animali\/#breadcrumb","itemListElement":[{"@type":"ListItem","position":1,"name":"Pagina iniziale","item":"https:\/\/mail.swiss-animal-protection.ch\/it\/"},{"@type":"ListItem","position":2,"name":"Mediazione di animali"}]},{"@type":"WebSite","@id":"https:\/\/sts-psa.ch\/fr\/#website","url":"https:\/\/sts-psa.ch\/fr\/","name":"tierschutz.com","description":"Wir setzen uns f\u00fcr das Wohl der Tiere ein.","publisher":{"@id":"https:\/\/sts-psa.ch\/fr\/#organization"},"alternateName":"Schweizer Tierschutz STS","potentialAction":[{"@type":"SearchAction","target":{"@type":"EntryPoint","urlTemplate":"https:\/\/sts-psa.ch\/fr\/?s={search_term_string}"},"query-input":{"@type":"PropertyValueSpecification","valueRequired":true,"valueName":"search_term_string"}}],"inLanguage":"it-IT"},{"@type":"Organization","@id":"https:\/\/sts-psa.ch\/fr\/#organization","name":"Schweizer Tierschutz STS","alternateName":"STS","url":"https:\/\/sts-psa.ch\/fr\/","logo":{"@type":"ImageObject","inLanguage":"it-IT","@id":"https:\/\/sts-psa.ch\/fr\/#\/schema\/logo\/image\/","url":"https:\/\/mail.schweizertierschutz.ch\/app\/uploads\/2024\/04\/logo-schweizer-tierschutz-sts-1.svg","contentUrl":"https:\/\/mail.schweizertierschutz.ch\/app\/uploads\/2024\/04\/logo-schweizer-tierschutz-sts-1.svg","caption":"Schweizer Tierschutz STS"},"image":{"@id":"https:\/\/sts-psa.ch\/fr\/#\/schema\/logo\/image\/"},"sameAs":["https:\/\/www.facebook.com\/schweizertierschutz\/","https:\/\/www.instagram.com\/schweizertierschutzsts\/","https:\/\/www.youtube.com\/@STS_Tierschutz","https:\/\/www.linkedin.com\/company\/schweizertierschutzsts\/"],"description":"Der Schweizer Tierschutz STS ist der Dachverband von 71 Tierschutzorganisationen in allen Sprachregionen der Schweiz und in Liechtenstein. Seine Mitarbeitenden leisten wissenschaftlich fundierte Grundlagenarbeit, setzen sich mit Projekten und Aktionen f\u00fcr den Schutz und das Wohlbefinden von Heim-, Wild-, Nutz- und Versuchstieren ein und sensibilisieren die \u00d6ffentlichkeit f\u00fcr Tierschutzthemen.","email":"sts@tierschutz.com","telephone":"061 365 99 99","legalName":"Schweizer Tierschutz STS"}]}},"_links":{"self":[{"href":"https:\/\/mail.schweizertierschutz.ch\/it\/wp-json\/wp\/v2\/pages\/7024","targetHints":{"allow":["GET"]}}],"collection":[{"href":"https:\/\/mail.schweizertierschutz.ch\/it\/wp-json\/wp\/v2\/pages"}],"about":[{"href":"https:\/\/mail.schweizertierschutz.ch\/it\/wp-json\/wp\/v2\/types\/page"}],"author":[{"embeddable":true,"href":"https:\/\/mail.schweizertierschutz.ch\/it\/wp-json\/wp\/v2\/users\/5"}],"replies":[{"embeddable":true,"href":"https:\/\/mail.schweizertierschutz.ch\/it\/wp-json\/wp\/v2\/comments?post=7024"}],"version-history":[{"count":6,"href":"https:\/\/mail.schweizertierschutz.ch\/it\/wp-json\/wp\/v2\/pages\/7024\/revisions"}],"predecessor-version":[{"id":34526,"href":"https:\/\/mail.schweizertierschutz.ch\/it\/wp-json\/wp\/v2\/pages\/7024\/revisions\/34526"}],"wp:attachment":[{"href":"https:\/\/mail.schweizertierschutz.ch\/it\/wp-json\/wp\/v2\/media?parent=7024"}],"curies":[{"name":"wp","href":"https:\/\/api.w.org\/{rel}","templated":true}]}}